{"id":189,"date":"2020-03-09T16:23:36","date_gmt":"2020-03-09T15:23:36","guid":{"rendered":"https:\/\/localhost\/projects\/mueller-kerzen.de\/en\/?page_id=189"},"modified":"2021-01-19T08:25:34","modified_gmt":"2021-01-19T07:25:34","slug":"imprint","status":"publish","type":"page","link":"https:\/\/www.mueller-kerzen.de\/en\/imprint\/","title":{"rendered":"Imprint"},"content":{"rendered":"<div class=\"flex_column av_one_full  flex_column_div av-zero-column-padding first  avia-builder-el-0  avia-builder-el-no-sibling  \" style='border-radius:0px; '><section class=\"av_textblock_section \"  itemscope=\"itemscope\" itemtype=\"https:\/\/schema.org\/CreativeWork\" ><div class='avia_textblock  '   itemprop=\"text\" ><p>Mueller Fabryka \u015awiec S.A.<br \/>\nBia\u0142y B\u00f3r 211, 86-302 Grudzi\u0105dz<\/p>\n<p>Correspondence address:<br \/>\nMueller Fabryka \u015awiec S.A.<br \/>\nBia\u0142y B\u00f3r 211, 86-302 Grudzi\u0105dz<\/p>\n<p>Phone: + 48 56 45 14 500<br \/>\nEmail: <a href=\"mailto:biuro@mueller-swiece.pl\">biuro@mueller-swiece.pl<\/a><\/p>\n<p>District Court in Bydgoszcz, 13th Commercial Department<br \/>\nKRS: 0000130545<\/p>\n<p>Tax Identification Number: 9671146988<\/p>\n<p>Represented by the Executive Board:<br \/>\nZygmunt Szczepaniak, Robert Spycha\u0142a, Cyprien Bonnet<\/p>\n<h3>Notice of liability<\/h3>\n<p>Our website contains hyperlinks to other websites. With judgment of May 12th 1998 (AZ 312 0 85\/98) the regional court Hamburg decided that one has to be responsible for the contents of the linked page if necessary by placing a link.<\/p>\n<p>We hereby expressly distance ourselves from all content on all linked external sites and do not adopt this content as our own. This declaration applies to all links on our website. Under no circumstances are we responsible for the content of websites that refer to us. We are also unable to identify or verify references to us.<\/p>\n<p>We also have no influence on how the information offered here is used, passed on or changed by the user and can therefore not be held liable for any damage, lost benefits or other indirect or direct consequences arising from the use of the information offered here become.<\/p>\n<h3>Privacy Policy<\/h3>\n<p>Here you find our <a href=\"https:\/\/www.mueller-kerzen.de\/en\/privacy-policy\/\">privacy policy<\/a><\/p>\n<\/div><\/section><\/div>\n","protected":false},"excerpt":{"rendered":"","protected":false},"author":1,"featured_media":0,"parent":0,"menu_order":0,"comment_status":"closed","ping_status":"closed","template":"","meta":{"footnotes":""},"class_list":["post-189","page","type-page","status-publish","hentry"],"_links":{"self":[{"href":"https:\/\/www.mueller-kerzen.de\/en\/wp-json\/wp\/v2\/pages\/189","targetHints":{"allow":["GET"]}}],"collection":[{"href":"https:\/\/www.mueller-kerzen.de\/en\/wp-json\/wp\/v2\/pages"}],"about":[{"href":"https:\/\/www.mueller-kerzen.de\/en\/wp-json\/wp\/v2\/types\/page"}],"author":[{"embeddable":true,"href":"https:\/\/www.mueller-kerzen.de\/en\/wp-json\/wp\/v2\/users\/1"}],"replies":[{"embeddable":true,"href":"https:\/\/www.mueller-kerzen.de\/en\/wp-json\/wp\/v2\/comments?post=189"}],"version-history":[{"count":0,"href":"https:\/\/www.mueller-kerzen.de\/en\/wp-json\/wp\/v2\/pages\/189\/revisions"}],"wp:attachment":[{"href":"https:\/\/www.mueller-kerzen.de\/en\/wp-json\/wp\/v2\/media?parent=189"}],"curies":[{"name":"wp","href":"https:\/\/api.w.org\/{rel}","templated":true}]}}