{"id":217,"date":"2020-03-10T07:53:47","date_gmt":"2020-03-10T06:53:47","guid":{"rendered":"https:\/\/localhost\/projects\/mueller-kerzen.de\/en\/?page_id=217"},"modified":"2021-01-19T14:46:28","modified_gmt":"2021-01-19T13:46:28","slug":"gdpr-rodo","status":"publish","type":"page","link":"https:\/\/www.mueller-kerzen.de\/pl\/gdpr-rodo\/","title":{"rendered":"GDPR \/ RODO"},"content":{"rendered":"<div class=\"flex_column av_one_full  flex_column_div av-zero-column-padding first  avia-builder-el-0  avia-builder-el-no-sibling  \" style='border-radius:0px; '><section class=\"av_textblock_section \"  itemscope=\"itemscope\" itemtype=\"https:\/\/schema.org\/CreativeWork\" ><div class='avia_textblock  '   itemprop=\"text\" ><h2>GDPR \/ RODO<\/h2>\n<p><span class=\"tlid-translation translation\" lang=\"pl\"><span class=\"\" title=\"\">Mo\u017cesz zmieni\u0107 ustawienia plik\u00f3w cookie tutaj:<\/span><\/span><br \/>\n<div class='av-privacy-popup-button-wrap footer-cookie-button'><a href='#' class='avia-button avia-cookie-consent-button av-extra-cookie-btn avia-cookie-info-btn ' ><span class=\"tlid-translation translation\" lang=\"pl\"><span class=\"\" title=\"\">Ustawienia plik\u00f3w cookie<\/span><\/span><\/a><\/div><\/p>\n<h3>Polityka prywatno\u015bci i wykorzystywania plik\u00f3w \u201ecookies\u201d w Serwisie internetowym http:\/\/mueller-swiece.pl oraz poprzez Poczt\u0119 e-mail<\/h3>\n<h3>\u00a71. POSTANOWIENIA OG\u00d3LNE<\/h3>\n<p>Niniejszy dokument okre\u015bla zasady Polityki prywatno\u015bci w Serwisie http:\/\/mueller-swiece.pl oraz zwi\u0105zane z wysy\u0142aniem wiadomo\u015bci elektronicznych przez Poczt\u0119 e-mail.<br \/>\nSzanujemy prawo do prywatno\u015bci i dbamy o bezpiecze\u0144stwo danych. Dane osobowe przetwarzane s\u0105: zgodnie z przepisami dotycz\u0105cymi ochrony danych osobowych oraz zgodnie z wdro\u017con\u0105 Polityk\u0105 Prywatno\u015bci<br \/>\nOchrona danych odbywa si\u0119 zgodnie z wymogami powszechnie obowi\u0105zuj\u0105cych przepis\u00f3w prawa, a ich przechowywanie ma miejsce na zabezpieczonych serwerach.<br \/>\nDane osobowe s\u0105 traktowane jako poufne i nie s\u0105 widoczne dla os\u00f3b nieuprawnionych.<\/p>\n<h3>\u00a72. DEFINICJE<\/h3>\n<ul>\n<li>Serwis \u2013 serwis internetowy dzia\u0142aj\u0105cy pod adresem https:\/\/mueller-swiece.pl\/<\/li>\n<li>Serwis zewn\u0119trzny \u2013 serwisy internetowe partner\u00f3w, us\u0142ugodawc\u00f3w lub us\u0142ugobiorc\u00f3w Administratora<\/li>\n<li>Poczta e-mail \u2013 us\u0142uga internetowa wykorzystywana przez Administratora, s\u0142u\u017c\u0105ca do przesy\u0142ania wiadomo\u015bci tekstowych, jak i multimedialnych, tzw. list\u00f3w elektronicznych<\/li>\n<li>Administrator \u2013 firma Mueller Fabryka \u015awiec S.A., prowadz\u0105ca dzia\u0142alno\u015b\u0107 pod adresem: Bia\u0142y B\u00f3r 211, 86-302 Grudzi\u0105dz, o nadanym numerze identyfikacji podatkowej (NIP): 9671146988, o nadanym numerze REGON: 093058139, zarejestrowana w S\u0104D REJONOWY W BYDGOSZCZY, XIII WYDZIA\u0141 GOSPODARCZY KRAJOWEGO REJESTRU S\u0104DOWEGO pod numerem KRS: 0000130545, \u015bwiadcz\u0105ca us\u0142ugi drog\u0105 elektroniczn\u0105 za po\u015brednictwem Serwisu oraz przechowuj\u0105ca i uzyskuj\u0105ca dost\u0119p do informacji w urz\u0105dzeniach U\u017cytkownika<\/li>\n<li>Dane osobowe \u2013 informacje o zidentyfikowanej lub mo\u017cliwej do zidentyfikowania osobie fizycznej (\u201eosobie, kt\u00f3rej dane dotycz\u0105)<\/li>\n<li>U\u017cytkownik \u2013 osoba fizyczna, dla kt\u00f3rej Administrator \u015bwiadczy us\u0142ugi drog\u0105 elektroniczna za po\u015brednictwem Serwisu.<\/li>\n<li>Urz\u0105dzenie \u2013 elektroniczne urz\u0105dzenie wraz z oprogramowaniem, za po\u015brednictwem, kt\u00f3rego U\u017cytkownik uzyskuje dost\u0119p do Serwisu<\/li>\n<li>Cookies (ciasteczka) \u2013 dane tekstowe gromadzone w formie plik\u00f3w zamieszczanych na Urz\u0105dzeniu U\u017cytkownika<\/li>\n<\/ul>\n<h3>\u00a73. INFORMACJE DOTYCZ\u0104CE PRZETWARZANIA DANYCH OSOBOWYCH<\/h3>\n<p>Na podstawie art. 13 Rozporz\u0105dzenia Parlamentu Europejskiego i Rady (UE) 2016\/679 z dnia 27 kwietnia 2016 r. w sprawie ochrony os\u00f3b fizycznych w zwi\u0105zku z przetwarzaniem danych osobowych i w sprawie swobodnego przep\u0142ywu takich danych oraz uchylenia dyrektywy 95\/46\/WE, zwanym dalej RODO, informuj\u0119, \u017ce:<\/p>\n<ol>\n<li>Administratorem danych osobowych jest Mueller Fabryka \u015awiec S.A. z siedzib\u0105 w Grudzi\u0105dz, Bia\u0142y B\u00f3r 211, 86-302, wpisane do rejestru przedsi\u0119biorc\u00f3w Krajowego Rejestru S\u0105dowego prowadzonego przez S\u0105d Rejonowy w Bydgoszczy, XIII Wydzia\u0142 Gospodarczy KRS, pod nr KRS: 0000130545, NIP: 967-11-46-988, REGON: 093058139, kapita\u0142 zak\u0142adowy: 4 800 000 z\u0142. \u2013 zwane dalej Administratorem.<\/li>\n<li>W sprawach ochrony Danych osobowych U\u017cytkownika i realizacji swoich praw U\u017cytkownik mo\u017c\u0119 skontaktowa\u0107 si\u0119 z Administratorem pod nast\u0119puj\u0105cym adresem poczty elektronicznej: dane.osobowe@mueller-swiece.pl lub pisemnie na adres Administratora<\/li>\n<li>Dane osobowe U\u017cytkownika przetwarzane b\u0119d\u0105 w ni\u017cej wymienionym celu \/ celach:\n<ol>\n<li>zawarcia i realizacji umowy \u2013 zgodnie z art. 6 ust. 1 lit. b RODO \u2013 przetwarzanie jest niezb\u0119dne do wykonania umowy, kt\u00f3rej stron\u0105 jest osoba, kt\u00f3rej dane dotycz\u0105 lub do podj\u0119cia dzia\u0142a\u0144 na \u017c\u0105danie osoby, kt\u00f3rej dane dotycz\u0105, przed zawarciem umowy,<\/li>\n<li>spe\u0142nienia ci\u0105\u017c\u0105cych na Administratorze obowi\u0105zk\u00f3w prawnych, w celach ksi\u0119gowych i podatkowych, rozpatrywanie reklamacji, obs\u0142ugi serwisowej i gwarancyjnej \u2013 zgodnie z art. 6 ust. 1 lit. c RODO,<\/li>\n<li>ustalenia, obrony i dochodzenia roszcze\u0144 \u2013.<\/li>\n<li>w celu realizacji prawnie uzasadnionych interes\u00f3w administratora lub osoby trzeciej, a przetwarzanie nie narusza praw i wolno\u015bci osoby, kt\u00f3rej dane dotycz\u0105 \u2013 zgodnie z art. 6 ust. 1 lit. f RODO<\/li>\n<\/ol>\n<\/li>\n<li>Dane osobowe U\u017cytkownika Administrator mo\u017ce udost\u0119pnia\u0107 wy\u0142\u0105cznie podmiotom uprawnionym do uzyskania danych osobowych na podstawie przepis\u00f3w prawa, jak r\u00f3wnie\u017c podmiotom wsp\u00f3\u0142pracuj\u0105cym w procesie realizacji umowy, podwykonawcom, czyli podmiotom, z kt\u00f3rych Administrator korzysta przy przetwarzaniu Pani\/Pana danych osobowych, w tym w szczeg\u00f3lno\u015bci podmiotom \u015bwiadcz\u0105cym na rzecz Administratora us\u0142ugi informatyczne i IT, serwisowe, kancelariom prawniczym, likwidatorom szk\u00f3d i firmom ubezpieczeniowym, instytucjom finansowym, bankom, operatorom pocztowym, firmom kurierskim oraz archiwistom.<\/li>\n<li>Dane osobowe U\u017cytkownika przechowywane b\u0119d\u0105 tak d\u0142ugo, jak jest to niezb\u0119dne do wykonania umowy, a nast\u0119pnie przez 5 lat od pocz\u0105tku roku nast\u0119puj\u0105cego po roku obrotowym, w kt\u00f3rym umowy zosta\u0142y ostatecznie zako\u0144czone, sp\u0142acone, rozliczone lub przedawnione. Czas ten mo\u017ce zosta\u0107 wyd\u0142u\u017cony o okresy wynikaj\u0105ce z obowi\u0105zk\u00f3w ustawowych lub w celu ochrony praw Administratora lub os\u00f3b trzecich, w tym w celu dochodzenia roszcze\u0144 b\u0105d\u017a obrony przed nimi. Dane osobowe przetwarzane na podstawie zgody b\u0119d\u0105 przechowywane do czasu jej wycofania.<\/li>\n<li>U\u017cytkownik posiada prawo do \u017c\u0105dania od Administratora:\n<ol>\n<li>dost\u0119pu do w\u0142asnych Danych osobowych \u2013 w granicach art. 15 RODO,<\/li>\n<li>sprostowania w\u0142asnych Danych osobowych \u2013 w granicach art. 16 RODO,<\/li>\n<li>usuni\u0119cia w\u0142asnych Danych osobowych \u2013 w granicach art. 17 RODO,<\/li>\n<li>ograniczenia przetwarzania w\u0142asnych Danych osobowych \u2013 w granicach art. 18 RODO,<\/li>\n<li>wniesienia sprzeciwu wobec przetwarzania w\u0142asnych Danych osobowych opartego na art. 6 ust. 1 lit. f RODO \u2013 w granicach art. 21 RODO,<\/li>\n<li>prawo do przenoszenia w\u0142asnych Danych osobowych \u2013 w granicach art. 20 RODO.<br \/>\nRealizacja praw, o kt\u00f3rych mowa powy\u017cej mo\u017ce odbywa\u0107 si\u0119 poprzez przes\u0142anie swojego \u017c\u0105dania pod nast\u0119puj\u0105cy adres poczty elektronicznej: dane.osobowe@mueller-swiece.pl lub pisemnie na adres Administratora.<\/li>\n<\/ol>\n<\/li>\n<li>U\u017cytkownikowi przys\u0142uguje prawo wniesienia skargi do organu nadzorczego \u2013 Prezesa Urz\u0119du Ochrony Danych Osobowych, w przypadku stwierdzenia naruszenia przetwarzania Danych osobowych U\u017cytkownika.<\/li>\n<li>Podanie przez U\u017cytkownika Danych osobowych nie jest obowi\u0105zkowe, ale jest niezb\u0119dne do zawarcia i realizacji umowy.<\/li>\n<li>Administrator nie ma zamiaru przekazywa\u0107 Danych osobowych U\u017cytkownika do pa\u0144stwa trzeciego lub organizacji mi\u0119dzynarodowej.Dane osobowe U\u017cytkownika nie b\u0119d\u0105 profilowane.<\/li>\n<\/ol>\n<h3>\u00a74. POLITYKA COOKIES<\/h3>\n<p>Poni\u017csza Polityka Cookies okre\u015bla zasady zapisywania i uzyskiwania dost\u0119pu do danych na Urz\u0105dzeniach U\u017cytkownik\u00f3w korzystaj\u0105cych z Serwisu do cel\u00f3w \u015bwiadczenia us\u0142ug drog\u0105 elektroniczn\u0105 przez Administratora Serwisu.<\/p>\n<ol>\n<li>Rodzaje cookies:\n<ul>\n<li>Cookies wewn\u0119trzne \u2013 pliki zamieszczane i odczytywane z Urz\u0105dzenia U\u017cytkownika przez system teleinformatyczny Serwisu<\/li>\n<li>Cookies zewn\u0119trzne \u2013 pliki zamieszczane i odczytywane z Urz\u0105dzenia U\u017cytkownika przez systemy teleinformatyczne Serwis\u00f3w zewn\u0119trznych<\/li>\n<li>Cookies sesyjne \u2013 pliki zamieszczane i odczytywane z Urz\u0105dzenia U\u017cytkownika przez Serwis podczas jednej sesji danego Urz\u0105dzenia. Po zako\u0144czeniu sesji pliki s\u0105 usuwane z Urz\u0105dzenia U\u017cytkownika.<\/li>\n<li>Cookies trwa\u0142e \u2013 pliki zamieszczane i odczytywane z Urz\u0105dzenia U\u017cytkownika przez Serwis do momentu ich r\u0119cznego usuni\u0119cia. Pliki nie s\u0105 usuwane automatycznie po zako\u0144czeniu sesji Urz\u0105dzenia chyba \u017ce konfiguracja Urz\u0105dzenia U\u017cytkownika jest ustawiona na tryb usuwanie plik\u00f3w Cookie po zako\u0144czeniu sesji Urz\u0105dzenia.<\/li>\n<\/ul>\n<\/li>\n<li>Bezpiecze\u0144stwo\n<ul>\n<li>Mechanizmy sk\u0142adowania i odczytu \u2013 Mechanizmy sk\u0142adowania i odczytu Cookies nie pozwalaj\u0105 na pobierania jakichkolwiek danych osobowych ani \u017cadnych informacji poufnych z Urz\u0105dzenia U\u017cytkownika. Przeniesienie na Urz\u0105dzenie U\u017cytkownika wirus\u00f3w, koni troja\u0144skich oraz innych robak\u00f3w jest praktycznie niemo\u017cliwe.<\/li>\n<li>Cookie wewn\u0119trzne \u2013 zastosowane przez Administratora Cookie wewn\u0119trzne s\u0105 bezpieczne dla Urz\u0105dze\u0144 U\u017cytkownik\u00f3w<\/li>\n<li>Cookie zewn\u0119trzne \u2013 za bezpiecze\u0144stwo plik\u00f3w Cookie pochodz\u0105cych od partner\u00f3w Serwisu Administrator nie ponosi odpowiedzialno\u015bci. Lista partner\u00f3w zamieszczona jest w dalszej cz\u0119\u015bci Polityki Cookie.<\/li>\n<\/ul>\n<\/li>\n<li>Cele, do kt\u00f3rych wykorzystywane s\u0105 pliki cookies:\n<ul>\n<li>Usprawnienie i u\u0142atwienie dost\u0119pu do Serwisu \u2013 Administrator mo\u017ce przechowywa\u0107 w plikach Cookie informacje o preferencjach i ustawieniach u\u017cytkownika dotycz\u0105cych Serwisu aby usprawni\u0107, polepszy\u0107 i przy\u015bpieszy\u0107 \u015bwiadczenie us\u0142ug w ramach Serwisu.<\/li>\n<li>Marketing i reklama \u2013 Administrator oraz Serwisy zewn\u0119trzne wykorzystuj\u0105 pliki Cookie do cel\u00f3w marketingowych oraz serwowania reklam U\u017cytkownik\u00f3w.<\/li>\n<li>Dane statystyczne \u2013 Administrator oraz Serwisy zewn\u0119trzne wykorzystuje pliki Cookie do zbierania i przetwarzania danych statystycznych takich jak np. statystyki odwiedzin, statystyki Urz\u0105dze\u0144 U\u017cytkownik\u00f3w czy statystyki zachowa\u0144 u\u017cytkownik\u00f3w. Dane te zbierane s\u0105 w celu analizy i ulepszania Serwisu.<\/li>\n<\/ul>\n<\/li>\n<li>Serwisy zewn\u0119trzne<br \/>\nAdministrator nie wsp\u00f3\u0142pracuje z serwisami zewn\u0119trznymi i Serwis nie umieszcza ani nie korzysta z \u017cadnych plik\u00f3w zewn\u0119trznych plik\u00f3w Cookies.<\/li>\n<li>Mo\u017cliwo\u015bci okre\u015blania warunk\u00f3w przechowywania i uzyskiwania dost\u0119pu na urz\u0105dzeniach u\u017cytkownika przez Serwis\n<ul>\n<li>U\u017cytkownik mo\u017ce w dowolnym momencie, samodzielnie zmieni\u0107 ustawienia dotycz\u0105ce zapisywania, usuwania oraz dost\u0119pu do danych zapisanych plik\u00f3w Cookies<\/li>\n<li>Informacje o sposobie wy\u0142\u0105czenia plik\u00f3w Cookie w najpopularniejszych przegl\u0105darkach komputerowych i urz\u0105dze\u0144 mobilnych dost\u0119pna s\u0105 na stronie: jak wy\u0142\u0105czy\u0107 cookie.<\/li>\n<li>U\u017cytkownik mo\u017ce w dowolnym momencie usun\u0105\u0107 wszelkie zapisane do tej pory pliki Cookie korzystaj\u0105c z narz\u0119dzi Urz\u0105dzenia U\u017cytkownika za po\u015brednictwem kt\u00f3rego U\u017cytkownik korzysta z us\u0142ug Serwisu.<\/li>\n<\/ul>\n<\/li>\n<li>Wymagania serwisu\n<ul>\n<li>Ograniczenie zapisu i dost\u0119pu do plik\u00f3w Cookies na Urz\u0105dzeniu U\u017cytkownika mo\u017ce spowodowa\u0107 nieprawid\u0142owe dzia\u0142anie niekt\u00f3rych funkcji Serwisu.<\/li>\n<li>Administrator nie ponosi \u017cadnej odpowiedzialno\u015bci za nieprawid\u0142owo dzia\u0142aj\u0105ce funkcje Serwisu w przypadku gdy U\u017cytkownik ograniczy w jakikolwiek spos\u00f3b mo\u017cliwo\u015b\u0107 zapisywania i odczytu plik\u00f3w Cookies.<\/li>\n<\/ul>\n<\/li>\n<li>Zmiany w Polityce cookies\n<ul>\n<li>Administrator zastrzega sobie prawo do dowolnej zmiany niniejszej Polityki Cookie bez konieczno\u015bci informowania o tym u\u017cytkownik\u00f3w.<\/li>\n<li>Wprowadzone zmiany w Polityce Cookie zawsze b\u0119d\u0105 publikowane na tej stronie.<\/li>\n<li>Wprowadzone zmiany wchodz\u0105 w \u017cycie w dniu publikacji Polityki Cookie.<\/li>\n<\/ul>\n<\/li>\n<\/ol>\n<hr \/>\n<h2>Klauzula informacyjna dla klient\u00f3w \/ kontrahent\u00f3w \/ dostawc\u00f3w<\/h2>\n<p>Na podstawie art. 13 Rozporz\u0105dzenia Parlamentu Europejskiego i Rady (UE) 2016\/679 z dnia 27 kwietnia 2016 r. w sprawie ochrony os\u00f3b fizycznych w zwi\u0105zku z przetwarzaniem danych osobowych i w sprawie swobodnego przep\u0142ywu takich danych oraz uchylenia dyrektywy 95\/46\/WE, zwanym dalej RODO,<\/p>\n<p>informuj\u0119, \u017ce:<\/p>\n<ol>\n<li>Administratorem Pani\/Pana* danych osobowych jest Mueller Fabryka \u015awiec S.A. z siedzib\u0105 w Grudzi\u0105dzu, ul. Bia\u0142y B\u00f3r 211, 86-302 Grudzi\u0105dz, wpisane do rejestru przedsi\u0119biorc\u00f3w Krajowego Rejestru S\u0105dowego prowadzonego przez S\u0105d Rejonowy w Bydgoszczy, XIII Wydzia\u0142 Gospodarczy KRS, pod nr KRS: 0000130545, NIP: 967-11-46-988, REGON: 093058139, kapita\u0142 zak\u0142adowy: 4 800 000 z\u0142. \u2013 zwane dalej Administratorem.<\/li>\n<li>W sprawach ochrony Pani\/Pana danych osobowych i realizacji swoich praw mo\u017ce Pani\/Pan si\u0119 skontaktowa\u0107 z\u00a0Administratorem pod nast\u0119puj\u0105cym adresem poczty elektronicznej: dane.osobowe@mueller-swiece.pl lub pisemnie na\u00a0adres Administratora: Mueller Fabryka \u015awiec S.A., Bia\u0142y B\u00f3r 211, 86-302 Grudzi\u0105dz.<\/li>\n<li>Pani\/Pana* dane osobowe przetwarzane b\u0119d\u0105 w ni\u017cej wymienionym celu \/ celach:\n<ol style=\"list-style-type: lower-alpha;\">\n<li>zawarcia i realizacji umowy \u2013 zgodnie z art. 6 ust. 1 lit. b RODO \u2013 przetwarzanie jest niezb\u0119dne do wykonania umowy, kt\u00f3rej stron\u0105 jest osoba, kt\u00f3rej dane dotycz\u0105 lub do podj\u0119cia dzia\u0142a\u0144 na \u017c\u0105danie osoby, kt\u00f3rej dane dotycz\u0105, przed zawarciem umowy,<\/li>\n<li>spe\u0142nienia ci\u0105\u017c\u0105cych na Administratorze obowi\u0105zk\u00f3w prawnych, w celach ksi\u0119gowych i\u00a0podatkowych, rozpatrywanie reklamacji, obs\u0142ugi serwisowej i gwarancyjnej \u2013 zgodnie z\u00a0art.\u00a06\u00a0ust.\u00a01\u00a0lit.\u00a0c RODO,<\/li>\n<li>ustalenia, obrony i dochodzenia roszcze\u0144 \u2013 zgodnie z art. 6 ust. 1 lit. f RODO.<\/li>\n<\/ol>\n<p>Przetwarzanie w celu realizacji prawnie uzasadnionych interes\u00f3w administratora lub osoby trzeciej uzasadniaj\u0105ce przetwarzanie Pani\/Pana* danych osobowych zosta\u0142y wskazane powy\u017cej \u2013 lit. c \u2013 w\u00a0celu tam wskazanym.<\/li>\n<li>Pani\/Pana* dane osobowe Administrator mo\u017ce udost\u0119pnia\u0107 wy\u0142\u0105cznie podmiotom uprawnionym do uzyskania danych osobowych na podstawie przepis\u00f3w prawa,\u00a0 jak r\u00f3wnie\u017c podmiotom wsp\u00f3\u0142pracuj\u0105cym w procesie realizacji umowy, podwykonawcom, czyli podmiotom, z kt\u00f3rych Administrator korzysta przy przetwarzaniu Pani\/Pana* danych osobowych, w tym w szczeg\u00f3lno\u015bci podmiotom \u015bwiadcz\u0105cym na rzecz Administratora us\u0142ugi informatyczne i IT, serwisowe, kancelariom prawniczym, likwidatorom szk\u00f3d i firmom ubezpieczeniowym, instytucjom finansowym, bankom, operatorom pocztowym, firmom kurierskim oraz archiwistom.<\/li>\n<li>Pani\/Pana* dane osobowe przechowywane b\u0119d\u0105 tak d\u0142ugo, jak jest to niezb\u0119dne do wykonania umowy, a nast\u0119pnie przez 5 lat od pocz\u0105tku roku nast\u0119puj\u0105cego po roku obrotowym, w kt\u00f3rym umowy zosta\u0142y ostatecznie zako\u0144czone, sp\u0142acone, rozliczone lub przedawnione. Czas ten mo\u017ce zosta\u0107 wyd\u0142u\u017cony o okresy wynikaj\u0105ce z obowi\u0105zk\u00f3w ustawowych lub w celu ochrony praw Administratora lub os\u00f3b trzecich, w tym w celu dochodzenia roszcze\u0144 b\u0105d\u017a obrony przed nimi. Dane osobowe przetwarzane na podstawie zgody b\u0119d\u0105 przechowywane do czasu jej wycofania.<\/li>\n<li>posiada Pani\/Pan* prawo do \u017c\u0105dania od Administratora:\n<ol style=\"list-style-type: lower-alpha;\">\n<li>dost\u0119pu do Pani\/Pana* danych osobowych \u2013 w granicach art. 15 RODO,<\/li>\n<li>sprostowania Pani\/Pana* danych osobowych \u2013 w granicach art. 16 RODO,<\/li>\n<li>usuni\u0119cia Pani\/Pana* danych osobowych \u2013 w granicach art. 17 RODO,<\/li>\n<li>ograniczenia przetwarzania Pani\/Pana* danych osobowych \u2013 w granicach art. 18 RODO,<\/li>\n<li>wniesienia sprzeciwu wobec przetwarzania Pani\/Pana* danych osobowych opartego na art. 6 ust. 1 lit. f RODO \u2013 w\u00a0granicach art. 21 RODO,<\/li>\n<li>prawo do przenoszenia danych \u2013 w granicach art. 20 RODO.<\/li>\n<\/ol>\n<p>Realizacja praw, o kt\u00f3rych mowa powy\u017cej mo\u017ce odbywa\u0107 si\u0119 poprzez przes\u0142anie swojego \u017c\u0105dania pod nast\u0119puj\u0105cy adres poczty elektronicznej: <a href=\"mailto:dane.osobowe@mueller-swiece.pl\">dane.osobowe@mueller-swiece.pl<\/a> lub pisemnie na adres Administratora: Mueller Fabryka \u015awiec S.A., Bia\u0142y B\u00f3r 211, 86-302 Grudzi\u0105dz<\/li>\n<li>Przys\u0142uguje Pani\/Panu* prawo wniesienia skargi do organu nadzorczego \u2013 Prezesa Urz\u0119du Ochrony Danych Osobowych, w przypadku stwierdzenia naruszenia przetwarzania Pani\/Pana* danych osobowych.<\/li>\n<li>Podanie przez Pani\u0105\/Pana* danych osobowych nie jest obowi\u0105zkowe, ale jest niezb\u0119dne do zawarcia i realizacji umowy.<\/li>\n<li>Administrator nie ma zamiaru przekazywa\u0107 Pani\/Pana* danych osobowych do pa\u0144stwa trzeciego lub organizacji mi\u0119dzynarodowej.<\/li>\n<li>Pani\/Pana* dane nie b\u0119d\u0105 profilowane.<\/li>\n<\/ol>\n<h2>Klauzula informacyjna zwi\u0105zana z monitoringiem wizyjnym<br \/>\nw pomieszczeniach i na terenie obiekt\u00f3w Administratora<\/h2>\n<p>Na podstawie art. 13 Rozporz\u0105dzenia Parlamentu Europejskiego i Rady (UE) 2016\/679 z dnia 27 kwietnia 2016 r. w sprawie ochrony os\u00f3b fizycznych w zwi\u0105zku z przetwarzaniem danych osobowych i w sprawie swobodnego przep\u0142ywu takich danych oraz uchylenia dyrektywy 95\/46\/WE, zwanym dalej RODO, informuj\u0119, \u017ce:<\/p>\n<ol>\n<li>Administratorem Pani\/Pana* danych osobowych jest Mueller Fabryka \u015awiec S.A. z siedzib\u0105 w Grudzi\u0105dzu, ul. Bia\u0142y B\u00f3r 211, 86-302 Grudzi\u0105dz, wpisane do rejestru przedsi\u0119biorc\u00f3w Krajowego Rejestru S\u0105dowego prowadzonego przez S\u0105d Rejonowy w Bydgoszczy XIII Wydzia\u0142 Gospodarczy KRS, pod nr KRS: 0000130545, NIP: 967-11-46-988, REGON: 093058139, kapita\u0142 zak\u0142adowy: 4 800 000 z\u0142 \u2013 zwane dalej Administratorem.<\/li>\n<li>W sprawach ochrony Pani\/Pana danych osobowych i realizacji swoich praw mo\u017ce Pani\/Pan si\u0119 skontaktowa\u0107 z Administratorem pod nast\u0119puj\u0105cym adresem poczty elektronicznej: dane.osobowe@mueller-swiece.pl lub pisemnie na adres Administratora: Mueller Fabryka \u015awiec S.A., Bia\u0142y B\u00f3r 211, 86-302 Grudzi\u0105dz<\/li>\n<li>Pani\/Pana dane osobowe przetwarzane b\u0119d\u0105 w ni\u017cej wymienionym celu. Monitoring wizyjny prowadzony jest zgodnie z art. 6 ust. 1 lit. f RODO w celu podniesienia poziomu bezpiecze\u0144stwa pracownik\u00f3w i innych os\u00f3b przebywaj\u0105cych na terenie chronionym, nale\u017c\u0105cym do Administratora, zapewnienia bezpiecze\u0144stwa mienia, wyja\u015bniania sytuacji konfliktowych, ustalenia sprawc\u00f3w zdarze\u0144, w celu dowodowym, zabezpieczenia informacji na wypadek potrzeby wykazania fakt\u00f3w lub obrony przed ewentualnymi roszczeniami, a wi\u0119c realizacji przez Administratora prawnie uzasadnionego interesu.<\/li>\n<li>Pani\/Pana dane osobowe Administrator mo\u017ce udost\u0119pnia\u0107 wy\u0142\u0105cznie podmiotom uprawnionym do uzyskania danych osobowych na podstawie przepis\u00f3w prawa oraz podwykonawcom, czyli podmiotom, z kt\u00f3rych Administrator korzysta przy przetwarzaniu Pani\/Pana danych osobowych, w tym w szczeg\u00f3lno\u015bci firmom \u015bwiadcz\u0105cym us\u0142ugi ochrony, kancelariom prawniczym, likwidatorom szk\u00f3d i firmom ubezpieczeniowym oraz innym podmiotom, kt\u00f3rym przekazanie danych b\u0119dzie niezb\u0119dne w celu ochrony praw Administratora lub os\u00f3b trzecich w celu dochodzenia roszcze\u0144 b\u0105d\u017a obrony przed nimi.<\/li>\n<li>Pani\/Pana dane osobowe b\u0119d\u0105 przechowywane przez okres 30 dni. Czas ten mo\u017ce zosta\u0107 wyd\u0142u\u017cony o okresy wynikaj\u0105ce z obowi\u0105zk\u00f3w ustawowych lub w celu ochrony praw Administratora lub os\u00f3b trzecich, w tym w celu dochodzenia roszcze\u0144 b\u0105d\u017a obrony przed nimi.Posiada<\/li>\n<li>Pani\/Pan prawo do \u017c\u0105dania od Administratora:\n<ol style=\"list-style-type: lower-alpha;\">\n<li>ograniczenia przetwarzania Pani\/Pana danych osobowych \u2013 w granicach art. 18 RODO,<\/li>\n<li>wniesienia sprzeciwu wobec przetwarzania Pani\/Pana danych osobowych opartego na art. 6 ust. 1 lit. f RODO \u2013 w granicach art. 21 RODO.Realizacja praw, o kt\u00f3rych mowa powy\u017cej mo\u017ce odbywa\u0107 si\u0119 poprzez przes\u0142anie swojego \u017c\u0105dania pod nast\u0119puj\u0105cy adres poczty elektronicznej dane.osobowe@mueller-swiece.pl lub pisemnie na adres Administratora: Mueller Fabryka \u015awiec S.A., Bia\u0142y B\u00f3r 211, 86-300 Grudzi\u0105dz.<\/li>\n<\/ol>\n<\/li>\n<li>Przys\u0142uguje Pani\/Panu prawo wniesienia skargi do organu nadzorczego \u2013 Prezesa Urz\u0119du Ochrony Danych Osobowych, w przypadku stwierdzenia naruszenia przetwarzania Pani\/Pana danych osobowych.<\/li>\n<li>Podanie danych osobowych jest dobrowolne.<\/li>\n<li>Administrator nie ma zamiaru przekazywa\u0107 Pani\/Pana danych osobowych do pa\u0144stwa trzeciego lub organizacji mi\u0119dzynarodowej.<\/li>\n<li>Pani\/Pana dane nie b\u0119d\u0105 profilowane.<\/li>\n<\/ol>\n<\/div><\/section><\/div>\n","protected":false},"excerpt":{"rendered":"","protected":false},"author":1,"featured_media":0,"parent":0,"menu_order":0,"comment_status":"closed","ping_status":"closed","template":"","meta":{"footnotes":""},"class_list":["post-217","page","type-page","status-publish","hentry"],"_links":{"self":[{"href":"https:\/\/www.mueller-kerzen.de\/pl\/wp-json\/wp\/v2\/pages\/217","targetHints":{"allow":["GET"]}}],"collection":[{"href":"https:\/\/www.mueller-kerzen.de\/pl\/wp-json\/wp\/v2\/pages"}],"about":[{"href":"https:\/\/www.mueller-kerzen.de\/pl\/wp-json\/wp\/v2\/types\/page"}],"author":[{"embeddable":true,"href":"https:\/\/www.mueller-kerzen.de\/pl\/wp-json\/wp\/v2\/users\/1"}],"replies":[{"embeddable":true,"href":"https:\/\/www.mueller-kerzen.de\/pl\/wp-json\/wp\/v2\/comments?post=217"}],"version-history":[{"count":0,"href":"https:\/\/www.mueller-kerzen.de\/pl\/wp-json\/wp\/v2\/pages\/217\/revisions"}],"wp:attachment":[{"href":"https:\/\/www.mueller-kerzen.de\/pl\/wp-json\/wp\/v2\/media?parent=217"}],"curies":[{"name":"wp","href":"https:\/\/api.w.org\/{rel}","templated":true}]}}