{"id":236,"date":"2020-04-08T10:37:26","date_gmt":"2020-04-08T08:37:26","guid":{"rendered":"https:\/\/localhost\/projects\/mueller-kerzen.de\/en\/?page_id=236"},"modified":"2022-02-07T10:14:34","modified_gmt":"2022-02-07T09:14:34","slug":"home","status":"publish","type":"page","link":"https:\/\/www.mueller-kerzen.de\/pl\/","title":{"rendered":"Home"},"content":{"rendered":"<div id='full_slider_1'  class='avia-fullwidth-slider main_color avia-shadow   avia-builder-el-0  el_before_av_layout_row  avia-builder-el-first   container_wrap sidebar_right' style=' '  ><div   data-size='featured_large'  data-lightbox_size='large'  data-animation='fade'  data-conditional_play=''  data-ids='123,121'  data-video_counter='0'  data-autoplay='true'  data-bg_slider='false'  data-slide_height=''  data-handle='av_slideshow_full'  data-interval='10'  data-class=' '  data-el_id=''  data-css_id=''  data-scroll_down=''  data-control_layout='av-control-default'  data-custom_markup=''  data-perma_caption=''  data-autoplay_stopper=''  data-image_attachment=''  data-min_height='630px'  data-src=''  data-position='top left'  data-repeat='no-repeat'  data-attach='scroll'  data-stretch=''  data-default-height='42'  class='avia-slideshow avia-slideshow-1  av-control-default av-default-height-applied avia-slideshow-featured_large av_slideshow_full   avia-fade-slider '  itemprop=\"image\" itemscope=\"itemscope\" itemtype=\"https:\/\/schema.org\/ImageObject\" ><ul class='avia-slideshow-inner ' style='padding-bottom: 42%;' ><li  class=' slide-1 ' ><div data-rel='slideshow-1' class='avia-slide-wrap '   ><div class = \"caption_fullwidth av-slideshow-caption caption_right caption_right_framed caption_framed\"><div class = \"container caption_container\"><div class = \"slideshow_caption\"><div class = \"slideshow_inner_caption\"><div class = \"slideshow_align_caption\"><h2  style='font-size:52px; ' class='avia-caption-title   av-small-font-size-overwrite av-small-font-size-38 av-mini-font-size-overwrite av-mini-font-size-32'  itemprop=\"name\" >Natura i \u015bwiat\u0142o \u015bwiec<\/h2><div class='avia-caption-content  av-small-font-size-overwrite av-small-font-size-24 av-mini-font-size-overwrite av-mini-font-size-20 av_inherit_color'  itemprop=\"description\"   style='font-size:24px; '><p>Tworzymy pi\u0119kne \u015bwiece dla twoich przytulnych dom\u00f3w<\/p>\n<\/div><\/div><\/div><\/div><\/div><\/div><img src='https:\/\/www.mueller-kerzen.de\/wp-content\/uploads\/2020\/03\/christmas2-2019.jpg' width='1500' height='630' title='christmas2-2019' alt=''  itemprop=\"thumbnailUrl\"  style='min-height:630px; min-width:1500px; ' \/><\/div><\/li><li  class=' slide-2 ' ><div data-rel='slideshow-1' class='avia-slide-wrap '   ><div class = \"caption_fullwidth av-slideshow-caption caption_left caption_left_framed caption_framed\"><div class = \"container caption_container\"><div class = \"slideshow_caption\"><div class = \"slideshow_inner_caption\"><div class = \"slideshow_align_caption\"><h2  style='font-size:52px; ' class='avia-caption-title   av-small-font-size-overwrite av-small-font-size-38 av-mini-font-size-overwrite av-mini-font-size-32'  itemprop=\"name\" >\u015awiece zapachowe<\/h2><div class='avia-caption-content  av-small-font-size-overwrite av-small-font-size-24 av-mini-font-size-overwrite av-mini-font-size-20 av_inherit_color'  itemprop=\"description\"   style='font-size:24px; '><p>Wysokiej jako\u015bci zapachy i kolory na ka\u017cdy nastr\u00f3j!<\/p>\n<\/div><\/div><\/div><\/div><\/div><\/div><img src='https:\/\/www.mueller-kerzen.de\/wp-content\/uploads\/2020\/03\/aromatic-art-2018-1-1500x630-1.jpg' width='1500' height='630' title='aromatic-art-2018-1-1500x630' alt=''  itemprop=\"thumbnailUrl\"  style='min-height:630px; min-width:1500px; ' \/><\/div><\/li><\/ul><div class='avia-slideshow-arrows avia-slideshow-controls'><a href='#prev' class='prev-slide' aria-hidden='true' data-av_icon='\ue87c' data-av_iconfont='entypo-fontello'>Previous<\/a><a href='#next' class='next-slide' aria-hidden='true' data-av_icon='\ue87d' data-av_iconfont='entypo-fontello'>Next<\/a><\/div><div class='avia-slideshow-dots avia-slideshow-controls'><a href='#1' class='goto-slide active' >1<\/a><a href='#2' class='goto-slide ' >2<\/a><\/div><\/div><\/div>\n<div id='av-layout-grid-1'  class='av-layout-grid-container entry-content-wrapper main_color av-flex-cells av-break-at-tablet    avia-builder-el-1  el_after_av_slideshow_full  el_before_av_one_fifth  submenu-not-first container_wrap sidebar_right' style=' '  >\n<div class=\"flex_cell no_margin av_one_full  avia-builder-el-2  avia-builder-el-no-sibling   \" style='height:350px; min-height:350px;vertical-align:middle; padding:5vh 15vw 5vh 15vw ; background-color:#ffffff; '><div class='flex_cell_inner' ><p><div  style='padding-bottom:10px; font-size:50px;' class='av-special-heading av-special-heading-h2 custom-color-heading blockquote modern-quote modern-centered  avia-builder-el-3  el_before_av_textblock  avia-builder-el-first  av-inherit-size '><div class ='av-subheading av-subheading_above  ' style='font-size:15px;'><p>Mueller Fabryka \u015awiec S.A.<\/p>\n<\/div><h2 class='av-special-heading-tag '  itemprop=\"headline\"  >Tradycyjne rzemios\u0142o o wysokich standardach technologicznych<\/h2><div class='special-heading-border'><div class='special-heading-inner-border' ><\/div><\/div><\/div><br \/>\n<section class=\"av_textblock_section \"  itemscope=\"itemscope\" itemtype=\"https:\/\/schema.org\/CreativeWork\" ><div class='avia_textblock  '  style='font-size:23px; '  itemprop=\"text\" ><p style=\"text-align: center;\">Jeste\u015bmy jednym z najbardziej innowacyjnych producent\u00f3w \u015bwiec na \u015bwiecie, z du\u017cymi planami rozwoju naszej firmy przy jednoczesnym ograniczeniu zasob\u00f3w energetycznych w celu ochrony naszej natury. Eksperymentujemy z r\u00f3\u017cnymi sposobami zapewnienia bezpiecze\u0144stwa \u015bwiec i ochrony \u015brodowiska.<\/p>\n<\/div><\/section><\/p>\n<\/div><\/div>\n<\/div><div id='after_submenu_1'  class='main_color av_default_container_wrap container_wrap sidebar_right' style=' '  ><div class='container' ><div class='template-page content  av-content-small alpha units'><div class='post-entry post-entry-type-page post-entry-236'><div class='entry-content-wrapper clearfix'>\n<div class=\"flex_column av_one_fifth  flex_column_div av-zero-column-padding first  avia-builder-el-5  el_after_av_layout_row  el_before_av_three_fifth  avia-builder-el-first  \" style='border-radius:0px; '><\/div>\n<div class=\"flex_column av_three_fifth  flex_column_div av-zero-column-padding   avia-builder-el-6  el_after_av_one_fifth  el_before_av_one_fifth  \" style='border-radius:0px; '><section class=\"av_textblock_section \"  itemscope=\"itemscope\" itemtype=\"https:\/\/schema.org\/CreativeWork\" ><div class='avia_textblock  '   itemprop=\"text\" ><p style=\"text-align: center;\">Szukasz naszego niemieckiego sklepu internetowego?<\/p>\n<\/div><\/section><br \/>\n<div  class='avia-buttonrow-wrap avia-buttonrow-center   avia-builder-el-8  el_after_av_textblock  avia-builder-el-last '>\n<a href='https:\/\/mueller-kerzen.de\/de'  class='avia-button  avia-icon_select-no avia-color-blue avia-size-large '  style='margin-bottom:5px; margin-left:3px; margin-right:3px; ' ><span class='avia_iconbox_title' >Zabierz mnie do sklepu<\/span><\/a>\n<a href='#home-teaser'  class='avia-button  avia-icon_select-no avia-color-custom avia-size-large '  style='background-color:#ffffff; border-color:#ffffff; color:#020202; margin-bottom:5px; margin-left:3px; margin-right:3px; ' ><span class='avia_iconbox_title' >Nie, dzi\u0119kuj\u0119<\/span><\/a>\n<\/div><\/p><\/div>\n<div class=\"flex_column av_one_fifth  flex_column_div av-zero-column-padding   avia-builder-el-9  el_after_av_three_fifth  el_before_av_layout_row  avia-builder-el-last  \" style='border-radius:0px; '><\/div>\n<\/div><\/div><\/div><!-- close content main div --><\/div><\/div><div id='home-teaser'  class='av-layout-grid-container entry-content-wrapper main_color av-flex-cells av-break-at-tablet    avia-builder-el-10  el_after_av_one_fifth  el_before_av_layout_row  home-boxed submenu-not-first container_wrap sidebar_right' style=' '  >\n<a class=\"av-screen-reader-only\" href=https:\/\/www.mueller-kerzen.de\/pl\/kariera\/ >Link to: Kariera<\/a><div class=\"flex_cell no_margin av_one_fourth  avia-builder-el-11  el_before_av_cell_one_fourth  avia-builder-el-first   avia-link-column av-cell-link \" style='height:250px; min-height:250px;background:linear-gradient(45deg,#033c8e,#2257a3); vertical-align:top; padding:40px; background-color:#ffffff; ' data-link-column-url=\"https:\/\/www.mueller-kerzen.de\/pl\/kariera\/\" ><div class='flex_cell_inner' ><p><div  style='padding-bottom:25px; margin:0 0 0 0; color:#ffffff;font-size:40px;' class='av-special-heading av-special-heading-h2 custom-color-heading blockquote modern-quote  avia-builder-el-12  el_before_av_button  avia-builder-el-first  av-inherit-size '><div class ='av-subheading av-subheading_above av_custom_color ' style='font-size:15px;'><p>Do\u0142\u0105cz do ludzi z pasj\u0105<\/p>\n<\/div><h2 class='av-special-heading-tag '  itemprop=\"headline\"  >Twoja kariera w Mueller Fabryka \u015awiec S.A.<\/h2><div class='special-heading-border'><div class='special-heading-inner-border' style='border-color:#ffffff'><\/div><\/div><\/div><br \/>\n<div  class='avia-button-wrap avia-button-left  avia-builder-el-13  el_after_av_heading  avia-builder-el-last ' ><a href='https:\/\/www.mueller-kerzen.de\/pl\/kariera\/'  class='avia-button   avia-icon_select-no avia-color-blue avia-size-large avia-position-left '   ><span class='avia_iconbox_title' >Rozpocznij moj\u0105 karier\u0119<\/span><\/a><\/div><\/p>\n<\/div><\/div><div class=\"flex_cell no_margin av_one_fourth  avia-builder-el-14  el_after_av_cell_one_fourth  el_before_av_cell_one_fourth   avia-full-stretch av-hide-on-mobile  \" style='height:250px; min-height:250px;background:url(https:\/\/www.mueller-kerzen.de\/wp-content\/uploads\/2020\/03\/Werk_Polen_2016-495x400.jpg) center center no-repeat scroll; vertical-align:top; padding:60px; '><div class='flex_cell_inner' ><\/div><\/div><a class=\"av-screen-reader-only\" href=https:\/\/www.mueller-kerzen.de\/pl\/historia\/ >Link to: Historia<\/a><div class=\"flex_cell no_margin av_one_fourth  avia-builder-el-15  el_after_av_cell_one_fourth  el_before_av_cell_one_fourth   avia-link-column av-cell-link \" style='height:250px; min-height:250px;background-color:#8e7c68; background:linear-gradient(45deg,#8e7c68,#8e7c68); vertical-align:top; padding:40px; ' data-link-column-url=\"https:\/\/www.mueller-kerzen.de\/pl\/historia\/\" ><div class='flex_cell_inner' ><p><div  style='padding-bottom:25px; margin:0 0 0 0; color:#ffffff;font-size:40px;' class='av-special-heading av-special-heading-h2 custom-color-heading blockquote modern-quote  avia-builder-el-16  el_before_av_button  avia-builder-el-first  av-inherit-size '><div class ='av-subheading av-subheading_above av_custom_color ' style='font-size:15px;'><p>2019 by\u0142 nasz\u0105 275 rocznic\u0105<\/p>\n<\/div><h2 class='av-special-heading-tag '  itemprop=\"headline\"  >Produkcja \u015bwiec w 8. generacji.<\/h2><div class='special-heading-border'><div class='special-heading-inner-border' style='border-color:#ffffff'><\/div><\/div><\/div><br \/>\n<div  class='avia-button-wrap avia-button-left  avia-builder-el-17  el_after_av_heading  avia-builder-el-last ' ><a href='https:\/\/www.mueller-kerzen.de\/pl\/historia\/'  class='avia-button   avia-icon_select-no avia-color-theme-color-highlight avia-size-large avia-position-left '   ><span class='avia_iconbox_title' >Historia M\u00fcller Kerzen<\/span><\/a><\/div><\/p>\n<\/div><\/div><div class=\"flex_cell no_margin av_one_fourth  avia-builder-el-18  el_after_av_cell_one_fourth  avia-builder-el-last   avia-full-stretch av-hide-on-mobile  \" style='height:250px; min-height:250px;background:url(https:\/\/www.mueller-kerzen.de\/wp-content\/uploads\/2020\/03\/Gie\u00dfmaschinensaal-mit-32-Kerzengie\u00dfmaschinen-1935-495x400.jpg) center center no-repeat scroll; vertical-align:top; padding:60px; '><div class='flex_cell_inner' ><\/div><\/div>\n<\/div>\n<div id='av-layout-grid-3'  class='av-layout-grid-container entry-content-wrapper alternate_color av-flex-cells     avia-builder-el-19  el_after_av_layout_row  el_before_av_layout_row  home-boxed submenu-not-first container_wrap sidebar_right' style=' '  >\n<div class=\"flex_cell no_margin av_one_half  avia-builder-el-20  el_before_av_cell_one_half  avia-builder-el-first   \" style='height:250px; min-height:250px;background:url(https:\/\/www.mueller-kerzen.de\/wp-content\/uploads\/2020\/03\/MG_6224-845x684.jpg) top left no-repeat scroll #f8f8f8; vertical-align:middle; padding:50px; background-color:#f8f8f8; '><div class='flex_cell_inner' ><\/div><\/div><div class=\"flex_cell no_margin av_one_half  avia-builder-el-21  el_after_av_cell_one_half  avia-builder-el-last   \" style='height:250px; min-height:250px;background: #f8f8f8; vertical-align:middle; padding:50px; background-color:#f8f8f8; '><div class='flex_cell_inner' ><p><div  style='padding-bottom:10px; font-size:30px;' class='av-special-heading av-special-heading-h3  blockquote modern-quote  avia-builder-el-22  el_before_av_textblock  avia-builder-el-first  av-inherit-size '><h3 class='av-special-heading-tag '  itemprop=\"headline\"  >Certyfikat Palm<\/h3><div class='special-heading-border'><div class='special-heading-inner-border' ><\/div><\/div><\/div><br \/>\n<section class=\"av_textblock_section \"  itemscope=\"itemscope\" itemtype=\"https:\/\/schema.org\/CreativeWork\" ><div class='avia_textblock  '   itemprop=\"text\" ><p>Jeste\u015bmy cz\u0142onkiem <a href=\"https:\/\/rspo.org\/members\/582\" target=\"_blank\" rel=\"noopener noreferrer\">RSPO<\/a> (Roundtable on Sustainable Palm Oil, s<span class=\"VIiyi\" lang=\"pl\"><span class=\"JLqJ4b ChMk0b\" data-language-for-alternatives=\"pl\" data-language-to-translate-into=\"en\" data-phrase-index=\"0\">prawd\u017a nasze post\u0119py na <a href=\"https:\/\/rspo.org\/members\/582\" target=\"_blank\" rel=\"noopener\">www.rspo.org<\/a><\/span><\/span>) od 2010 roku, a od 2013 roku nasz najwi\u0119kszy zak\u0142ad produkcyjny jest certyfikowany zgodnie z surowymi \u201esegregowanymi\u201d kryteriami. Jeste\u015bmy pierwszym producentem \u015bwiec na \u015bwiecie, kt\u00f3ry posiada ten certyfikat. Dzi\u0119ki temu mo\u017cemy po\u0142\u0105czy\u0107 przysz\u0142o\u015bciowe technologie z klasycznymi procesami produkcyjnymi i zrobi\u0107 krok w kierunku niezale\u017cno\u015bci od paliw kopalnych poprzez alternatywne komponenty surowcowe.<\/p>\n<div  class='avia-button-wrap avia-button-left  avia-builder-el-24  avia-builder-el-no-sibling ' ><a href=''  class='avia-button   avia-icon_select-no avia-color-theme-color avia-size-small avia-position-left '   ><span class='avia_iconbox_title' ><span class=\"VIiyi\" lang=\"pl\"><span class=\"JLqJ4b ChMk0b\" data-language-for-alternatives=\"pl\" data-language-to-translate-into=\"de\" data-phrase-index=\"0\" data-number-of-phrases=\"1\">Ucz si\u0119 wi\u0119cej<\/span><\/span> <\/span><\/a><\/div>\n<\/div><\/section><\/p>\n<\/div><\/div><\/div><div id='av-layout-grid-4'  class='av-layout-grid-container entry-content-wrapper alternate_color av-flex-cells   av-desktop-hide av-medium-hide av-small-hide av-mini-hide   avia-builder-el-25  el_after_av_layout_row  el_before_av_section  home-boxed submenu-not-first container_wrap sidebar_right' style=' '  >\n<div class=\"flex_cell no_margin av_one_half  avia-builder-el-26  el_before_av_cell_one_fourth  avia-builder-el-first   \" style='height:250px; min-height:250px;background:url(https:\/\/www.mueller-kerzen.de\/wp-content\/uploads\/2020\/03\/MG_6224-845x684.jpg) top left no-repeat scroll #f8f8f8; vertical-align:middle; padding:50px; background-color:#f8f8f8; '><div class='flex_cell_inner' ><\/div><\/div><div class=\"flex_cell no_margin av_one_fourth  avia-builder-el-27  el_after_av_cell_one_half  el_before_av_cell_one_fourth   \" style='height:250px; min-height:250px;vertical-align:middle; padding:50px; background-color:#f8f8f8; '><div class='flex_cell_inner' ><p><div  style='padding-bottom:10px; font-size:30px;' class='av-special-heading av-special-heading-h3  blockquote modern-quote  avia-builder-el-28  el_before_av_textblock  avia-builder-el-first  av-inherit-size '><h3 class='av-special-heading-tag '  itemprop=\"headline\"  >\u015awiece M\u00fcller z opatentowan\u0105 barier\u0105 przepalaj\u0105c\u0105 BSS<\/h3><div class='special-heading-border'><div class='special-heading-inner-border' ><\/div><\/div><\/div><br \/>\n<section class=\"av_textblock_section \"  itemscope=\"itemscope\" itemtype=\"https:\/\/schema.org\/CreativeWork\" ><div class='avia_textblock  '   itemprop=\"text\" ><p>Nasza opatentowana bariera przepalaj\u0105ca BSS (BrandSchutzSystem) jest instalowana we wszystkich \u015bwiecach s\u0142upowych z odpowiedni\u0105 identyfikacj\u0105. System zapobiega uszkodzeniu pod\u0142o\u017ca przez ciep\u0142o, bez straty czasu spalania i ca\u0142kowitego spalenia \u015bwiecy.<\/p>\n<div  class='avia-button-wrap avia-button-center  avia-builder-el-30  avia-builder-el-no-sibling ' ><a href='https:\/\/www.mueller-kerzen.de\/pl\/bss-bariera-przepalic\/'  class='avia-button   avia-icon_select-yes-left-icon avia-color-theme-color avia-size-medium avia-position-center '   ><span class='avia_button_icon avia_button_icon_left ' aria-hidden='true' data-av_icon='\ue81d' data-av_iconfont='entypo-fontello'><\/span><span class='avia_iconbox_title' >Jak dzia\u0142a system barier przeciwpo\u017carowych BSS<\/span><\/a><\/div>\n<\/div><\/section><\/p>\n<\/div><\/div><div class=\"flex_cell no_margin av_one_fourth  avia-builder-el-31  el_after_av_cell_one_fourth  avia-builder-el-last   av-zero-padding \" style='height:250px; min-height:250px;vertical-align:top; padding:0px; background-color:#f8f8f8; '><div class='flex_cell_inner' ><div  class='av-hotspot-image-container   avia_animated_image avia_animate_when_almost_visible top-to-bottom av-hotspot-numbered av-mobile-fallback-active  av-permanent-tooltip  avia-builder-el-32  avia-builder-el-no-sibling  av-non-fullwidth-hotspot-image'  itemprop=\"image\" itemscope=\"itemscope\" itemtype=\"https:\/\/schema.org\/ImageObject\" ><div class='av-hotspot-container'><div class='av-hotspot-container-inner-cell'><div class='av-hotspot-container-inner-wrap'><div class='av-image-hotspot av-image-hotspot-1 av-permanent-tooltip' data-avia-tooltip-position='left' data-avia-tooltip-alignment='centered' data-avia-tooltip-class='av-tt-default-width av-tt-pos-left av-tt-align-centered  av-mobile-fallback-active  av-permanent-tooltip-single  main_color av-tooltip-shadow av-tt-hotspot' data-avia-tooltip='&lt;p&gt;Cienki aluminiowy dysk jest wciskany w sp\u00f3d&lt;\/p&gt;\n' style='top: 87%; left: 42.5%; '><a href=https:\/\/www.mueller-kerzen.de\/pl\/o-nas\/  class='av-image-hotspot_inner' style=' '>1<\/a><div class='av-image-hotspot-pulse' ><\/div><\/div><div class='av-image-hotspot av-image-hotspot-2 av-permanent-tooltip' data-avia-tooltip-position='left' data-avia-tooltip-alignment='centered' data-avia-tooltip-class='av-tt-default-width av-tt-pos-left av-tt-align-centered  av-mobile-fallback-active  av-permanent-tooltip-single  main_color av-tooltip-shadow av-tt-hotspot' data-avia-tooltip='&lt;p&gt;Knot si\u0119ga do do\u0142u, \u015bwieca p\u0142onie ca\u0142kowicie.&lt;\/p&gt;\n' style='top: 30%; left: 51.7%; '><a href=https:\/\/www.mueller-kerzen.de\/pl\/o-nas\/  class='av-image-hotspot_inner' style=' '>2<\/a><div class='av-image-hotspot-pulse' ><\/div><\/div><img class='avia_image' src='https:\/\/www.mueller-kerzen.de\/wp-content\/uploads\/2020\/03\/BSS-Kerze-Querschnitt.jpg' alt='' title='BSS-Kerze-Querschnitt'  height=\"700\" width=\"438\"  itemprop=\"thumbnailUrl\"  \/><\/div><\/div><\/div><div class='av-hotspot-fallback-tooltip av-image-hotspot-1 av-permanent-tooltip'><div class='av-hotspot-fallback-tooltip-count'>1<div class='avia-arrow'><\/div><\/div><div class='av-hotspot-fallback-tooltip-inner clearfix'><p>\nCienki aluminiowy dysk jest wciskany w sp\u00f3d<\/p>\n<\/div><\/div><div class='av-hotspot-fallback-tooltip av-image-hotspot-2 av-permanent-tooltip'><div class='av-hotspot-fallback-tooltip-count'>2<div class='avia-arrow'><\/div><\/div><div class='av-hotspot-fallback-tooltip-inner clearfix'><p>\nKnot si\u0119ga do do\u0142u, \u015bwieca p\u0142onie ca\u0142kowicie.<\/p>\n<\/div><\/div><\/div>\n<\/div><\/div>\n<\/div><\/p>\n<div id='av_section_1'  class='avia-section main_color avia-section-huge avia-no-border-styling  avia-bg-style-scroll  avia-builder-el-33  el_after_av_layout_row  el_before_av_section   container_wrap sidebar_right' style=' '  ><div class='container' ><div class='template-page content  av-content-small alpha units'><div class='post-entry post-entry-type-page post-entry-236'><div class='entry-content-wrapper clearfix'>\n<div class=\"flex_column av_one_third  flex_column_div first  avia-builder-el-34  el_before_av_one_third  avia-builder-el-first  \" ><article  class=\"iconbox iconbox_left_content    avia-builder-el-35  avia-builder-el-no-sibling  av-icon-style-no-border\"  itemscope=\"itemscope\" itemtype=\"https:\/\/schema.org\/CreativeWork\" ><div class=\"iconbox_icon heading-color \" aria-hidden='true' data-av_icon='\ue8b1' data-av_iconfont='entypo-fontello'  ><\/div><div class=\"iconbox_content\"><header class=\"entry-content-header\"><h3 class='iconbox_content_title  '  itemprop=\"headline\"  >Na ca\u0142ym \u015bwiecie<\/h3><\/header><div class='iconbox_content_container  '  itemprop=\"text\"  ><p>Tworzymy i produkujemy \u015bwiece dla klient\u00f3w na ca\u0142ym \u015bwiecie<\/p>\n<\/div><\/div><footer class=\"entry-footer\"><\/footer><\/article><\/div><div class=\"flex_column av_one_third  flex_column_div av-zero-column-padding   avia-builder-el-36  el_after_av_one_third  el_before_av_one_third  \" style='border-radius:0px; '><article  class=\"iconbox iconbox_left_content    avia-builder-el-37  avia-builder-el-no-sibling  av-icon-style-no-border\"  itemscope=\"itemscope\" itemtype=\"https:\/\/schema.org\/CreativeWork\" ><div class=\"iconbox_icon heading-color \" aria-hidden='true' data-av_icon='\ue8cd' data-av_iconfont='entypo-fontello'  ><\/div><div class=\"iconbox_content\"><header class=\"entry-content-header\"><h3 class='iconbox_content_title  '  itemprop=\"headline\"  >Zoptymalizowany<\/h3><\/header><div class='iconbox_content_container  '  itemprop=\"text\"  ><p>Szanujemy nasze \u015brodowisko i odpowiedzialnie wykorzystujemy nasze zasoby<\/p>\n<\/div><\/div><footer class=\"entry-footer\"><\/footer><\/article><\/div><div class=\"flex_column av_one_third  flex_column_div av-zero-column-padding   avia-builder-el-38  el_after_av_one_third  avia-builder-el-last  \" style='border-radius:0px; '><article  class=\"iconbox iconbox_left_content    avia-builder-el-39  avia-builder-el-no-sibling  av-icon-style-no-border\"  itemscope=\"itemscope\" itemtype=\"https:\/\/schema.org\/CreativeWork\" ><div class=\"iconbox_icon heading-color \" aria-hidden='true' data-av_icon='\ue841' data-av_iconfont='entypo-fontello'  ><\/div><div class=\"iconbox_content\"><header class=\"entry-content-header\"><h3 class='iconbox_content_title  '  itemprop=\"headline\"  >Innowacyjny<\/h3><\/header><div class='iconbox_content_container  '  itemprop=\"text\"  ><p>Zawsze szukamy ulepsze\u0144 i nowych sposob\u00f3w<\/p>\n<\/div><\/div><footer class=\"entry-footer\"><\/footer><\/article><\/div>\n\n<\/div><\/div><\/div><!-- close content main div --><\/div><\/div><div id='av_section_2'  class='avia-section main_color avia-section-large avia-no-border-styling  avia-bg-style-scroll  avia-builder-el-40  el_after_av_section  avia-builder-el-last   av-desktop-hide av-medium-hide av-small-hide av-mini-hide container_wrap sidebar_right' style=' '  ><div class='container' ><div class='template-page content  av-content-small alpha units'><div class='post-entry post-entry-type-page post-entry-236'><div class='entry-content-wrapper clearfix'>\n<div class=\"flex_column av_one_half  flex_column_div av-zero-column-padding first  avia-builder-el-41  el_before_av_one_half  avia-builder-el-first  \" style='border-radius:0px; '><section class=\"av_textblock_section \"  itemscope=\"itemscope\" itemtype=\"https:\/\/schema.org\/CreativeWork\" ><div class='avia_textblock  '  style='font-size:40px; '  itemprop=\"text\" ><h1 style=\"text-align: left;\"><strong>Lust auf mehr?<\/strong><br \/>\nAbonniere unseren Newsletter f\u00fcr Angebote und Aktionen!<\/h1>\n<\/div><\/section><\/div><div class=\"flex_column av_one_half  flex_column_div av-zero-column-padding   avia-builder-el-43  el_after_av_one_half  avia-builder-el-last  \" style='border-radius:0px; '><p><section class=\"av_textblock_section \"  itemscope=\"itemscope\" itemtype=\"https:\/\/schema.org\/CreativeWork\" ><div class='avia_textblock  '   itemprop=\"text\" ><p>Ja, ich m\u00f6chte den Newsletter der Gebr. M\u00fcller Kerzenfabrik AG erhalten. Ich bin damit einverstanden, dass die Gebr. M\u00fcller Kerzenfabrik AG aus meinem Kauf- und Nutzungsverhalten personenbezogene Profile erstellt, um Werbe- und Webangebote besser auf meine pers\u00f6nlichen Interessen auszurichten. Die Einwilligung ist jederzeit f\u00fcr die Zukunft unter <a href=\"mailto:shop@mueller-kerzen.de\">shop@mueller-kerzen.de<\/a> widerrufbar. Die Hinweise zum <a href=\"https:\/\/www.mueller-kerzen.de\/datenschutzerklaerung\/\" target=\"_blank\" rel=\"noopener noreferrer\">Datenschutz<\/a> habe ich gelesen.<\/p>\n<\/div><\/section><br \/>\n<\/p><\/div>\n<\/div><\/div><\/div><!-- close content main div --><\/div><\/div><div id='after_section_2'  class='main_color av_default_container_wrap container_wrap sidebar_right' style=' '  ><div class='container' ><div class='template-page content  av-content-small alpha units'><div class='post-entry post-entry-type-page post-entry-236'><div class='entry-content-wrapper clearfix'>\n","protected":false},"excerpt":{"rendered":"","protected":false},"author":1,"featured_media":0,"parent":0,"menu_order":0,"comment_status":"closed","ping_status":"open","template":"","meta":{"footnotes":""},"class_list":["post-236","page","type-page","status-publish","hentry"],"_links":{"self":[{"href":"https:\/\/www.mueller-kerzen.de\/pl\/wp-json\/wp\/v2\/pages\/236","targetHints":{"allow":["GET"]}}],"collection":[{"href":"https:\/\/www.mueller-kerzen.de\/pl\/wp-json\/wp\/v2\/pages"}],"about":[{"href":"https:\/\/www.mueller-kerzen.de\/pl\/wp-json\/wp\/v2\/types\/page"}],"author":[{"embeddable":true,"href":"https:\/\/www.mueller-kerzen.de\/pl\/wp-json\/wp\/v2\/users\/1"}],"replies":[{"embeddable":true,"href":"https:\/\/www.mueller-kerzen.de\/pl\/wp-json\/wp\/v2\/comments?post=236"}],"version-history":[{"count":1,"href":"https:\/\/www.mueller-kerzen.de\/pl\/wp-json\/wp\/v2\/pages\/236\/revisions"}],"predecessor-version":[{"id":710,"href":"https:\/\/www.mueller-kerzen.de\/pl\/wp-json\/wp\/v2\/pages\/236\/revisions\/710"}],"wp:attachment":[{"href":"https:\/\/www.mueller-kerzen.de\/pl\/wp-json\/wp\/v2\/media?parent=236"}],"curies":[{"name":"wp","href":"https:\/\/api.w.org\/{rel}","templated":true}]}}