{"id":244,"date":"2020-04-08T16:48:36","date_gmt":"2020-04-08T14:48:36","guid":{"rendered":"https:\/\/localhost\/projects\/mueller-kerzen.de\/en\/?page_id=244"},"modified":"2020-04-22T12:23:34","modified_gmt":"2020-04-22T10:23:34","slug":"jakosc-ral","status":"publish","type":"page","link":"https:\/\/www.mueller-kerzen.de\/pl\/jakosc-ral\/","title":{"rendered":"Jako\u015b\u0107 RAL"},"content":{"rendered":"<div id='av_section_1'  class='avia-section main_color avia-section-huge avia-no-border-styling  avia-full-stretch av-parallax-section avia-bg-style-parallax  avia-builder-el-0  el_before_av_one_half  avia-builder-el-first   av-minimum-height av-minimum-height-25  container_wrap sidebar_right' style=' '  data-section-bg-repeat='stretch' data-av_minimum_height_pc='25'><div class='av-parallax' data-avia-parallax-ratio='0.3' ><div class='av-parallax-inner main_color  avia-full-stretch' style = 'background-repeat: no-repeat; background-image: url(https:\/\/www.mueller-kerzen.de\/wp-content\/uploads\/2020\/03\/Labor_kl.jpg);background-attachment: scroll; background-position: center center; ' ><\/div><\/div><div class='container' ><main  role=\"main\" itemprop=\"mainContentOfPage\"  class='template-page content  av-content-small alpha units'><div class='post-entry post-entry-type-page post-entry-244'><div class='entry-content-wrapper clearfix'><\/div><\/div><\/main><!-- close content main element --><\/div><\/div><div id='after_section_1'  class='main_color av_default_container_wrap container_wrap sidebar_right' style=' '  ><div class='container' ><div class='template-page content  av-content-small alpha units'><div class='post-entry post-entry-type-page post-entry-244'><div class='entry-content-wrapper clearfix'>\n<div class=\"flex_column av_one_half  flex_column_div av-zero-column-padding first  avia-builder-el-1  el_after_av_section  el_before_av_one_half  avia-builder-el-first  \" style='border-radius:0px; '><section class=\"av_textblock_section \"  itemscope=\"itemscope\" itemtype=\"https:\/\/schema.org\/CreativeWork\" ><div class='avia_textblock  '   itemprop=\"text\" ><h2>Nasze produkty posiadaj\u0105 znak jako\u015bci RAL<\/h2>\n<p><img loading=\"lazy\" decoding=\"async\" class=\"alignleft wp-image-779 size-full\" src=\"https:\/\/www.mueller-kerzen.de\/wp-content\/uploads\/2017\/07\/5e389036.jpg\" alt=\"RAL-G\u00fctesiegel\" width=\"120\" height=\"242\" \/>Zabezpieczone bezpiecze\u0144stwo: \u201eZnak jako\u015bci KERZEN\u201d jest znakiem jako\u015bci RAL chronionym znakiem towarowym. Stowarzyszenie \u201eRAL Niemiecki Instytut ds. Zapewnienia Jako\u015bci i Etykietowania e. V. \u201dodpowiada w tym kraju za monitorowanie prawid\u0142owego stosowania znak\u00f3w jako\u015bci. \u201eZnak jako\u015bci CANDLE\u201d zosta\u0142 uznany w sierpniu 1997 r. Znak jako\u015bci przyznawany jest wy\u0142\u0105cznie przez <a href=\"https:\/\/ral-c.com\/\" target=\"_blank\" rel=\"noopener noreferrer\">G\u00fctegemeinschaft Kerzen e. V.<\/a>, do kt\u00f3rego cz\u0142onk\u00f3w za\u0142o\u017cycieli nale\u017cymy.<\/p>\n<p>Producent mo\u017ce oznaczy\u0107 produkt piecz\u0119ci\u0105 homologacyjn\u0105 tylko wtedy, gdy pomy\u015blnie przejdzie test wst\u0119pny. Przepisy dotycz\u0105ce bada\u0144 s\u0105 konkretne, obiektywne i precyzyjnie okre\u015blone. W celu sta\u0142ego zagwarantowania wysokiego poziomu jako\u015bci producent zobowi\u0105zuje si\u0119 r\u00f3wnie\u017c do regularnego monitorowania swoich produkt\u00f3w.<\/p>\n<\/div><\/section><\/div><div class=\"flex_column av_one_half  flex_column_div av-zero-column-padding   avia-builder-el-3  el_after_av_one_half  el_before_av_one_fifth  \" style='border-radius:0px; '><section class=\"av_textblock_section \"  itemscope=\"itemscope\" itemtype=\"https:\/\/schema.org\/CreativeWork\" ><div class='avia_textblock  '   itemprop=\"text\" ><p>Jako\u015b\u0107 i bezpiecze\u0144stwo s\u0105 dla nas bardzo wa\u017cne, dlatego u\u017cywamy wy\u0142\u0105cznie wysokiej jako\u015bci surowc\u00f3w i sprawdzamy w\u0142a\u015bciwo\u015bci spalania i odporno\u015b\u0107 na kapanie naszych \u015bwiec podczas ca\u0142ego procesu produkcyjnego. Oczywi\u015bcie zgodnie ze standardem RAL, ale tak\u017ce poza tym zgodnie z naszymi w\u0142asnymi, nawet surowszymi specyfikacjami. W ten spos\u00f3b utrzymujemy niezmiennie wysoki poziom jako\u015bci naszych produkt\u00f3w.<\/p>\n<h3>Prowadzimy jedno z najnowocze\u015bniejszych laboratori\u00f3w w Europie<\/h3>\n<p>Jeste\u015bmy przekonani, \u017ce ci\u0105g\u0142e badania i rozw\u00f3j s\u0105 wa\u017cnym czynnikiem trwa\u0142ego sukcesu naszej firmy. Dlatego stworzyli\u015bmy jedno z najnowocze\u015bniejszych laboratori\u00f3w do bada\u0144 \u015bwiec w Europie. Opracowujemy tutaj nowe sposoby produkcji \u015bwiec i pracujemy nad zwi\u0119kszeniem wydajno\u015bci i zgodno\u015bci naszych produkt\u00f3w i opakowa\u0144 z wymogami ochrony \u015brodowiska. Jednocze\u015bnie osi\u0105gamy wysokie bezpiecze\u0144stwo dostaw dzi\u0119ki alternatywnym sk\u0142adnikom surowc\u00f3w.<\/p>\n<\/div><\/section><\/div><\/p>\n<div class=\"flex_column av_one_fifth  flex_column_div av-zero-column-padding first  avia-builder-el-5  el_after_av_one_half  el_before_av_one_half  column-top-margin\" style='border-radius:0px; '><\/div>\n<div class=\"flex_column av_one_half  flex_column_div av-zero-column-padding   avia-builder-el-6  el_after_av_one_fifth  el_before_av_one_fifth  column-top-margin\" style='border-radius:0px; '><p><div  style='padding-bottom:10px; font-size:30px;' class='av-special-heading av-special-heading-h3  blockquote modern-quote  avia-builder-el-7  el_before_av_textblock  avia-builder-el-first  av-inherit-size '><h3 class='av-special-heading-tag '  itemprop=\"headline\"  >\u015awiece ze znakami jako\u015bci RAL charakteryzuj\u0105 si\u0119<\/h3><div class='special-heading-border'><div class='special-heading-inner-border' ><\/div><\/div><\/div><br \/>\n<section class=\"av_textblock_section \"  itemscope=\"itemscope\" itemtype=\"https:\/\/schema.org\/CreativeWork\" ><div class='avia_textblock  '   itemprop=\"text\" ><ul>\n<li>optymalne zachowanie podczas palenia<\/li>\n<li>zminimalizowany kapanie i wysokiej jako\u015bci knot bez zanieczyszcze\u0144<\/li>\n<li>niskie spalanie dymu<\/li>\n<li>mniejsze zanieczyszczenie powietrza i dr\u00f3g oddechowych, mniej osad\u00f3w sadzy przy u\u017cyciu sprawdzonych lampek<\/li>\n<li>do herbaty<\/li>\n<li>Zgodno\u015b\u0107 z dopuszczalnymi dla zdrowia i \u015brodowiska warto\u015bciami granicznymi dla wszystkich sk\u0142adnik\u00f3w,<\/li>\n<li>zw\u0142aszcza parafiny, knota, farby i lakieru<\/li>\n<li>bez uszczerbku na zdrowiu, gdy jest stosowany zgodnie z przeznaczeniem<\/li>\n<li>zminimalizowane po\u015bwiata<\/li>\n<li>dopasowany knot<\/li>\n<li>gwarantowany czas spalania przy stosowaniu zgodnie z przeznaczeniem<\/li>\n<li>Zgodno\u015b\u0107 z rozporz\u0105dzeniem REACH<\/li>\n<\/ul>\n<\/div><\/section><\/p><\/div>\n<div class=\"flex_column av_one_fifth  flex_column_div av-zero-column-padding   avia-builder-el-9  el_after_av_one_half  el_before_av_section  avia-builder-el-last  column-top-margin\" style='border-radius:0px; '><\/div>\n<\/div><\/div><\/div><!-- close content main div --><\/div><\/div><div id='av_section_2'  class='avia-section alternate_color avia-section-large avia-no-border-styling  avia-bg-style-scroll  avia-builder-el-10  el_after_av_one_fifth  el_before_av_one_full   container_wrap sidebar_right' style=' '  ><div class='container' ><div class='template-page content  av-content-small alpha units'><div class='post-entry post-entry-type-page post-entry-244'><div class='entry-content-wrapper clearfix'>\n<div class=\"flex_column av_one_third  flex_column_div first  avia-builder-el-11  el_before_av_one_third  avia-builder-el-first  \" ><article  class=\"iconbox iconbox_left_content    avia-builder-el-12  avia-builder-el-no-sibling  av-icon-style-no-border\"  itemscope=\"itemscope\" itemtype=\"https:\/\/schema.org\/CreativeWork\" ><div class=\"iconbox_icon heading-color \" aria-hidden='true' data-av_icon='\ue812' data-av_iconfont='entypo-fontello'  ><\/div><div class=\"iconbox_content\"><header class=\"entry-content-header\"><h3 class='iconbox_content_title  '  itemprop=\"headline\"  >Surowce o wysokiej jako\u015bci<\/h3><\/header><div class='iconbox_content_container  '  itemprop=\"text\"  ><\/div><\/div><footer class=\"entry-footer\"><\/footer><\/article><\/div><div class=\"flex_column av_one_third  flex_column_div   avia-builder-el-13  el_after_av_one_third  el_before_av_one_third  \" ><article  class=\"iconbox iconbox_left_content    avia-builder-el-14  avia-builder-el-no-sibling  av-icon-style-no-border\"  itemscope=\"itemscope\" itemtype=\"https:\/\/schema.org\/CreativeWork\" ><div class=\"iconbox_icon heading-color \" aria-hidden='true' data-av_icon='\ue812' data-av_iconfont='entypo-fontello'  ><\/div><div class=\"iconbox_content\"><header class=\"entry-content-header\"><h3 class='iconbox_content_title  '  itemprop=\"headline\"  >Sprawdzanie wszystkich sk\u0142adnik\u00f3w<\/h3><\/header><div class='iconbox_content_container  '  itemprop=\"text\"  ><\/div><\/div><footer class=\"entry-footer\"><\/footer><\/article><\/div><div class=\"flex_column av_one_third  flex_column_div   avia-builder-el-15  el_after_av_one_third  avia-builder-el-last  \" ><article  class=\"iconbox iconbox_left_content    avia-builder-el-16  avia-builder-el-no-sibling  av-icon-style-no-border\"  itemscope=\"itemscope\" itemtype=\"https:\/\/schema.org\/CreativeWork\" ><div class=\"iconbox_icon heading-color \" aria-hidden='true' data-av_icon='\ue812' data-av_iconfont='entypo-fontello'  ><\/div><div class=\"iconbox_content\"><header class=\"entry-content-header\"><h3 class='iconbox_content_title  '  itemprop=\"headline\"  >Testowane wypalenie<\/h3><\/header><div class='iconbox_content_container  '  itemprop=\"text\"  ><\/div><\/div><footer class=\"entry-footer\"><\/footer><\/article><\/div>\n<\/div><\/div><\/div><!-- close content main div --><\/div><\/div><div id='after_section_2'  class='main_color av_default_container_wrap container_wrap sidebar_right' style=' '  ><div class='container' ><div class='template-page content  av-content-small alpha units'><div class='post-entry post-entry-type-page post-entry-244'><div class='entry-content-wrapper clearfix'>\n<div class=\"flex_column av_one_full  flex_column_div av-zero-column-padding first  avia-builder-el-17  el_after_av_section  el_before_av_one_third  avia-builder-el-first  \" style='border-radius:0px; '><div  style='padding-bottom:10px; ' class='av-special-heading av-special-heading-h2  blockquote modern-quote modern-centered  avia-builder-el-18  avia-builder-el-no-sibling  '><h2 class='av-special-heading-tag '  itemprop=\"headline\"  >Test RAL przeprowadza si\u0119 w 3 krokach<\/h2><div class='special-heading-border'><div class='special-heading-inner-border' ><\/div><\/div><\/div><\/div>\n<div class=\"flex_column av_one_third  flex_column_div av-zero-column-padding first  avia-builder-el-19  el_after_av_one_full  el_before_av_one_third  column-top-margin\" style='border-radius:0px; '><section class=\"av_textblock_section \"  itemscope=\"itemscope\" itemtype=\"https:\/\/schema.org\/CreativeWork\" ><div class='avia_textblock  '   itemprop=\"text\" ><h3>1. Wst\u0119pne badanie<\/h3>\n<p>\u015awiece do przetestowania pochodz\u0105 z bie\u017c\u0105cej produkcji. Czas spalania i zachowanie s\u0105 sprawdzane, a surowce analizowane. Emisje siarki i inne nie mog\u0105 przekracza\u0107 \u015bcis\u0142ych wytycznych, a zawarto\u015b\u0107 metali ci\u0119\u017ckich musi by\u0107 znacznie ni\u017csza ni\u017c europejska norma EN 71 dotycz\u0105ca zabawek dla dzieci. Test przeprowadzany jest przez DEKRA Umwelt GmbH.<\/p>\n<\/div><\/section><\/div>\n<div class=\"flex_column av_one_third  flex_column_div av-zero-column-padding   avia-builder-el-21  el_after_av_one_third  el_before_av_one_third  column-top-margin\" style='border-radius:0px; '><section class=\"av_textblock_section \"  itemscope=\"itemscope\" itemtype=\"https:\/\/schema.org\/CreativeWork\" ><div class='avia_textblock  '   itemprop=\"text\" ><h3>2. Samokontrola<\/h3>\n<p>Producent musi stale sprawdza\u0107 swoj\u0105 produkcj\u0119. Nale\u017cy przestrzega\u0107 kryteri\u00f3w okre\u015blonych podczas pierwszego testu. Szczeg\u00f3\u0142owe wyniki musz\u0105 zosta\u0107 udokumentowane i zarchiwizowane.<\/p>\n<\/div><\/section><\/div>\n<div class=\"flex_column av_one_third  flex_column_div av-zero-column-padding   avia-builder-el-23  el_after_av_one_third  avia-builder-el-last  column-top-margin\" style='border-radius:0px; '><section class=\"av_textblock_section \"  itemscope=\"itemscope\" itemtype=\"https:\/\/schema.org\/CreativeWork\" ><div class='avia_textblock  '   itemprop=\"text\" ><h3>3. Monitorowanie zewn\u0119trzne<\/h3>\n<p>Raz w roku zak\u0142ad produkcyjny jest kontrolowany przez neutralnego eksperta. Pe\u0142na dokumentacja, bie\u017c\u0105ca produkcja jest sprawdzana i pobierane s\u0105 pr\u00f3bki. S\u0105 one badane przez instytut testowy DEKRA w takim samym stopniu, jak w te\u015bcie pocz\u0105tkowym. Je\u015bli oka\u017ce si\u0119, \u017ce producent naruszy\u0142 przepisy dotycz\u0105ce bada\u0144, znak jako\u015bci mo\u017ce zosta\u0107 ponownie wycofany.<\/p>\n<\/div><\/section><\/div>\n","protected":false},"excerpt":{"rendered":"","protected":false},"author":1,"featured_media":0,"parent":0,"menu_order":0,"comment_status":"closed","ping_status":"closed","template":"","meta":{"footnotes":""},"class_list":["post-244","page","type-page","status-publish","hentry"],"_links":{"self":[{"href":"https:\/\/www.mueller-kerzen.de\/pl\/wp-json\/wp\/v2\/pages\/244","targetHints":{"allow":["GET"]}}],"collection":[{"href":"https:\/\/www.mueller-kerzen.de\/pl\/wp-json\/wp\/v2\/pages"}],"about":[{"href":"https:\/\/www.mueller-kerzen.de\/pl\/wp-json\/wp\/v2\/types\/page"}],"author":[{"embeddable":true,"href":"https:\/\/www.mueller-kerzen.de\/pl\/wp-json\/wp\/v2\/users\/1"}],"replies":[{"embeddable":true,"href":"https:\/\/www.mueller-kerzen.de\/pl\/wp-json\/wp\/v2\/comments?post=244"}],"version-history":[{"count":0,"href":"https:\/\/www.mueller-kerzen.de\/pl\/wp-json\/wp\/v2\/pages\/244\/revisions"}],"wp:attachment":[{"href":"https:\/\/www.mueller-kerzen.de\/pl\/wp-json\/wp\/v2\/media?parent=244"}],"curies":[{"name":"wp","href":"https:\/\/api.w.org\/{rel}","templated":true}]}}