{"id":249,"date":"2020-04-08T16:59:40","date_gmt":"2020-04-08T14:59:40","guid":{"rendered":"https:\/\/localhost\/projects\/mueller-kerzen.de\/en\/?page_id=249"},"modified":"2024-08-19T11:47:22","modified_gmt":"2024-08-19T09:47:22","slug":"o-nas","status":"publish","type":"page","link":"https:\/\/www.mueller-kerzen.de\/pl\/o-nas\/","title":{"rendered":"O nas"},"content":{"rendered":"<div id='av_section_1'  class='avia-section main_color avia-section-huge avia-no-border-styling  avia-full-stretch av-parallax-section av-section-color-overlay-active avia-bg-style-parallax  avia-builder-el-0  el_before_av_section  avia-builder-el-first   av-minimum-height av-minimum-height-50  container_wrap sidebar_right' style=' '  data-section-bg-repeat='stretch' data-av_minimum_height_pc='50'><div class='av-parallax' data-avia-parallax-ratio='0.3' ><div class='av-parallax-inner main_color  avia-full-stretch' style = 'background-repeat: no-repeat; background-image: url(https:\/\/www.mueller-kerzen.de\/wp-content\/uploads\/2024\/04\/Werk-Polen-2024-hero-2500.jpg);background-attachment: scroll; background-position: bottom center; ' ><\/div><\/div><div class='av-section-color-overlay-wrap'><div class='av-section-color-overlay' style='opacity: 0.1; background-color: #897260; '><\/div><div class='container' ><main  role=\"main\" itemprop=\"mainContentOfPage\"  class='template-page content  av-content-small alpha units'><div class='post-entry post-entry-type-page post-entry-249'><div class='entry-content-wrapper clearfix'>\n<\/div><\/div><\/main><!-- close content main element --><\/div><\/div><\/div><div id='av_section_2'  class='avia-section alternate_color avia-section-large avia-no-border-styling  avia-bg-style-scroll  avia-builder-el-1  el_after_av_section  el_before_av_layout_row   container_wrap sidebar_right' style=' '  ><div class='container' ><div class='template-page content  av-content-small alpha units'><div class='post-entry post-entry-type-page post-entry-249'><div class='entry-content-wrapper clearfix'>\n<div  style='padding-bottom:10px; font-size:30px;' class='av-special-heading av-special-heading-h3  blockquote modern-quote modern-centered  avia-builder-el-2  el_before_av_hr  avia-builder-el-first  av-inherit-size '><h3 class='av-special-heading-tag '  itemprop=\"headline\"  >O nas: Kilka fakt\u00f3w<\/h3><div class='special-heading-border'><div class='special-heading-inner-border' ><\/div><\/div><\/div>\n<div  style=' margin-top:30px; margin-bottom:30px;'  class='hr hr-custom hr-center hr-icon-no   avia-builder-el-3  el_after_av_heading  el_before_av_one_fourth '><span class='hr-inner   inner-border-av-border-fat' style=' width:50px;' ><span class='hr-inner-style'><\/span><\/span><\/div>\n<div class=\"flex_column av_one_fourth  flex_column_div av-zero-column-padding first  avia-builder-el-4  el_after_av_hr  el_before_av_one_fourth  \" style='border-radius:0px; '><div  class=\"avia-animated-number av-force-default-color  avia-color-  avia-builder-el-5  avia-builder-el-no-sibling  avia_animate_when_visible\"  data-timer=\"3000\"><strong class=\"heading avia-animated-number-title\" ><span class='avia-animated-number-icon av-icon-before-number av-icon-char' aria-hidden='true' data-av_icon='\ue859' data-av_iconfont='entypo-fontello'><\/span><span class=\"avia-single-number __av-single-number\" data-number_format=\"\" data-number=\"3428\" data-start_from=\"0\">3428<\/span><\/strong><div class='avia-animated-number-content' ><p>Products in total<\/p>\n<\/div><\/div><\/div><div class=\"flex_column av_one_fourth  flex_column_div av-zero-column-padding   avia-builder-el-6  el_after_av_one_fourth  el_before_av_one_fourth  \" style='border-radius:0px; '><div  class=\"avia-animated-number av-force-default-color  avia-color-  avia-builder-el-7  avia-builder-el-no-sibling  avia_animate_when_visible\"  data-timer=\"3000\"><strong class=\"heading avia-animated-number-title\" ><span class='avia-animated-number-icon av-icon-before-number av-icon-char' aria-hidden='true' data-av_icon='\ue80b' data-av_iconfont='entypo-fontello'><\/span><span class=\"avia-single-number __av-single-number\" data-number_format=\"\" data-number=\"1000\" data-start_from=\"0\">1000<\/span><span class=\"avia-no-number\">+<\/span><\/strong><div class='avia-animated-number-content' ><p>Employees<\/p>\n<\/div><\/div><\/div><div class=\"flex_column av_one_fourth  flex_column_div av-zero-column-padding   avia-builder-el-8  el_after_av_one_fourth  el_before_av_one_fourth  \" style='border-radius:0px; '><div  class=\"avia-animated-number av-force-default-color  avia-color-  avia-builder-el-9  avia-builder-el-no-sibling  avia_animate_when_visible\"  data-timer=\"3000\"><strong class=\"heading avia-animated-number-title\" ><span class='avia-animated-number-icon av-icon-before-number av-icon-char' aria-hidden='true' data-av_icon='\ue821' data-av_iconfont='entypo-fontello'><\/span><span class=\"avia-single-number __av-single-number\" data-number_format=\"\" data-number=\"120000\" data-start_from=\"0\">120000<\/span><\/strong><div class='avia-animated-number-content' ><p>m\u00b2 of company premises<\/p>\n<\/div><\/div><\/div><div class=\"flex_column av_one_fourth  flex_column_div av-zero-column-padding   avia-builder-el-10  el_after_av_one_fourth  el_before_av_one_fourth  \" style='border-radius:0px; '><div  class=\"avia-animated-number av-force-default-color  avia-color-  avia-builder-el-11  avia-builder-el-no-sibling  avia_animate_when_visible\"  data-timer=\"3000\"><strong class=\"heading avia-animated-number-title\" ><span class='avia-animated-number-icon av-icon-before-number av-icon-char' aria-hidden='true' data-av_icon='\ue811' data-av_iconfont='entypo-fontello'><\/span><span class=\"avia-single-number __av-single-number\" data-number_format=\"\" data-number=\"42000\" data-start_from=\"0\">42000<\/span><\/strong><div class='avia-animated-number-content' ><p>Euro pallet spaces<\/p>\n<\/div><\/div><\/div><div class=\"flex_column av_one_fourth  flex_column_div av-zero-column-padding first  avia-builder-el-12  el_after_av_one_fourth  el_before_av_one_fourth  column-top-margin\" style='border-radius:0px; '><div  class=\"avia-animated-number av-force-default-color  avia-color-  avia-builder-el-13  avia-builder-el-no-sibling  avia_animate_when_visible\"  data-timer=\"3000\"><strong class=\"heading avia-animated-number-title\" ><span class='avia-animated-number-icon av-icon-before-number av-icon-char' aria-hidden='true' data-av_icon='\ue828' data-av_iconfont='entypo-fontello'><\/span><span class=\"avia-single-number __av-single-number\" data-number_format=\"\" data-number=\"17\" data-start_from=\"0\">17<\/span><\/strong><div class='avia-animated-number-content' ><p>Years of RAL membership<\/p>\n<\/div><\/div><\/div><div class=\"flex_column av_one_fourth  flex_column_div av-zero-column-padding   avia-builder-el-14  el_after_av_one_fourth  el_before_av_one_fourth  column-top-margin\" style='border-radius:0px; '><div  class=\"avia-animated-number av-force-default-color  avia-color-  avia-builder-el-15  avia-builder-el-no-sibling  avia_animate_when_visible\"  data-timer=\"3000\"><strong class=\"heading avia-animated-number-title\" ><span class='avia-animated-number-icon av-icon-before-number av-icon-char' aria-hidden='true' data-av_icon='\ue8b1' data-av_iconfont='entypo-fontello'><\/span><span class=\"avia-single-number __av-single-number\" data-number_format=\"\" data-number=\"35\" data-start_from=\"0\">35<\/span><\/strong><div class='avia-animated-number-content' ><p>Exporting countries<\/p>\n<\/div><\/div><\/div><div class=\"flex_column av_one_fourth  flex_column_div av-zero-column-padding   avia-builder-el-16  el_after_av_one_fourth  el_before_av_one_fourth  column-top-margin\" style='border-radius:0px; '><div  class=\"avia-animated-number av-force-default-color  avia-color-  avia-builder-el-17  avia-builder-el-no-sibling  avia_animate_when_visible\"  data-timer=\"3000\"><strong class=\"heading avia-animated-number-title\" ><span class='avia-animated-number-icon av-icon-before-number av-icon-char' aria-hidden='true' data-av_icon='\ue8c6' data-av_iconfont='entypo-fontello'><\/span><span class=\"avia-no-number\">+<\/span><span class=\"avia-single-number __av-single-number\" data-number_format=\"\" data-number=\"5\" data-start_from=\"0\">5<\/span><span class=\"avia-no-number\"> Mio.<\/span><\/strong><div class='avia-animated-number-content' ><p>Candles and lights every day<\/p>\n<\/div><\/div><\/div><div class=\"flex_column av_one_fourth  flex_column_div av-zero-column-padding   avia-builder-el-18  el_after_av_one_fourth  avia-builder-el-last  column-top-margin\" style='border-radius:0px; '><div  class=\"avia-animated-number av-force-default-color  avia-color-  avia-builder-el-19  avia-builder-el-no-sibling  avia_animate_when_visible\"  data-timer=\"3000\"><strong class=\"heading avia-animated-number-title\" ><span class='avia-animated-number-icon av-icon-before-number av-icon-char' aria-hidden='true' data-av_icon='\ue806' data-av_iconfont='entypo-fontello'><\/span><span class=\"avia-single-number __av-single-number\" data-number_format=\"\" data-number=\"280\" data-start_from=\"0\">280<\/span><\/strong><div class='avia-animated-number-content' ><p>Years of tradition<\/p>\n<\/div><\/div><\/div>\n\n<\/div><\/div><\/div><!-- close content main div --><\/div><\/div><div id='av-layout-grid-1'  class='av-layout-grid-container entry-content-wrapper main_color av-flex-cells     avia-builder-el-20  el_after_av_section  el_before_av_layout_row  home-boxed submenu-not-first container_wrap sidebar_right' style=' '  >\n<div class=\"flex_cell no_margin av_one_half  avia-builder-el-21  el_before_av_cell_one_half  avia-builder-el-first   \" style='height:350px; min-height:350px;background: #ffffff; vertical-align:middle; padding:75px; background-color:#ffffff; '><div class='flex_cell_inner' ><p><div  style='padding-bottom:10px; font-size:30px;' class='av-special-heading av-special-heading-h2  blockquote modern-quote  avia-builder-el-22  el_before_av_hr  avia-builder-el-first  av-inherit-size '><h2 class='av-special-heading-tag '  itemprop=\"headline\"  >280 lat M\u00fcller Kerzen \u2013 najstarszego producenta \u015bwiec na \u015bwiecie.<\/h2><div class='special-heading-border'><div class='special-heading-inner-border' ><\/div><\/div><\/div><br \/>\n<div  style=' margin-top:30px; margin-bottom:30px;'  class='hr hr-custom hr-left hr-icon-no   avia-builder-el-23  el_after_av_heading  el_before_av_textblock '><span class='hr-inner   inner-border-av-border-fat' style=' width:50px;' ><span class='hr-inner-style'><\/span><\/span><\/div><br \/>\n<section class=\"av_textblock_section \"  itemscope=\"itemscope\" itemtype=\"https:\/\/schema.org\/CreativeWork\" ><div class='avia_textblock  '   itemprop=\"text\" ><p>Dzi\u0119ki 280-letniej tradycji jeste\u015bmy nie tylko najstarszym producentem \u015bwiec na \u015bwiecie. Chcemy by\u0107 coraz lepsi ka\u017cdego dnia i udowodni\u0107, \u017ce jeste\u015bmy najm\u0142odsi jednocze\u015bnie.<\/p>\n<p>Prowadzimy dzi\u0119ki pasji, kreatywno\u015bci i technologii oraz opracowujemy nowe rozwi\u0105zania i koncepcje dla naszych produkt\u00f3w.<\/p>\n<\/div><\/section><\/p>\n<\/div><\/div><div class=\"flex_cell no_margin av_one_half  avia-builder-el-25  el_after_av_cell_one_half  avia-builder-el-last   avia-full-stretch \" style='height:350px; min-height:350px;background:url(https:\/\/www.mueller-kerzen.de\/wp-content\/uploads\/2024\/07\/280-Jahre-Teaser-2.jpg) center center no-repeat scroll; vertical-align:top; padding:50px; '><div class='flex_cell_inner' ><\/div><\/div><\/div><div id='av-layout-grid-2'  class='av-layout-grid-container entry-content-wrapper main_color av-flex-cells     avia-builder-el-26  el_after_av_layout_row  el_before_av_layout_row  home-boxed submenu-not-first container_wrap sidebar_right' style=' '  >\n<div class=\"flex_cell no_margin av_one_half  avia-builder-el-27  el_before_av_cell_one_half  avia-builder-el-first   avia-full-stretch \" style='height:350px; min-height:350px;background:url(https:\/\/www.mueller-kerzen.de\/wp-content\/uploads\/2020\/03\/MG_6225-845x684.jpg) center left no-repeat scroll; vertical-align:middle; padding:50px; '><div class='flex_cell_inner' ><\/div><\/div><div class=\"flex_cell no_margin av_one_half  avia-builder-el-28  el_after_av_cell_one_half  avia-builder-el-last   \" style='height:350px; min-height:350px;vertical-align:middle; padding:75px; '><div class='flex_cell_inner' ><p><div  style='padding-bottom:10px; font-size:30px;' class='av-special-heading av-special-heading-h2  blockquote modern-quote  avia-builder-el-29  el_before_av_hr  avia-builder-el-first  av-inherit-size '><h2 class='av-special-heading-tag '  itemprop=\"headline\"  >Najwy\u017csza jako\u015b\u0107 dzi\u0119ki nowoczesnym technologiom<\/h2><div class='special-heading-border'><div class='special-heading-inner-border' ><\/div><\/div><\/div><br \/>\n<div  style=' margin-top:30px; margin-bottom:30px;'  class='hr hr-custom hr-left hr-icon-no   avia-builder-el-30  el_after_av_heading  el_before_av_textblock '><span class='hr-inner   inner-border-av-border-fat' style=' width:50px;' ><span class='hr-inner-style'><\/span><\/span><\/div><br \/>\n<section class=\"av_textblock_section \"  itemscope=\"itemscope\" itemtype=\"https:\/\/schema.org\/CreativeWork\" ><div class='avia_textblock  '   itemprop=\"text\" ><p>M\u00fcller Kerzenfabrik GmbH jest jednym z najwa\u017cniejszych i najstarszych producent\u00f3w wysokiej jako\u015bci \u015bwiec w Europie. Za\u0142o\u017cony w 1744 roku jest w\u0142asno\u015bci\u0105 rodziny od o\u015bmiu pokole\u0144. Z ma\u0142ej firmy rzemie\u015blniczej rozwin\u0119\u0142a si\u0119 mi\u0119dzynarodowa grupa firm w ci\u0105gu 280 lat, kt\u00f3ra dzi\u015b zatrudnia ponad 1000 os\u00f3b i produkuje ponad 5 milion\u00f3w \u015bwiate\u0142 i \u015bwiec ka\u017cdego dnia.<\/p>\n<div  class='avia-button-wrap avia-button-left  avia-builder-el-32  avia-builder-el-no-sibling ' ><a href='https:\/\/www.mueller-kerzen.de\/pl\/jakosc-ral\/'  class='avia-button   avia-icon_select-yes-left-icon avia-color-theme-color avia-size-medium avia-position-left '   ><span class='avia_button_icon avia_button_icon_left ' aria-hidden='true' data-av_icon='\ue81f' data-av_iconfont='entypo-fontello'><\/span><span class='avia_iconbox_title' >Nasze \u015bwiece spe\u0142niaj\u0105 standard RAL<\/span><\/a><\/div>\n<\/div><\/section><\/p>\n<\/div><\/div><\/div><div id='av-layout-grid-3'  class='av-layout-grid-container entry-content-wrapper main_color av-flex-cells     avia-builder-el-33  el_after_av_layout_row  el_before_av_section  home-boxed submenu-not-first container_wrap sidebar_right' style=' '  >\n<div class=\"flex_cell no_margin av_one_half  avia-builder-el-34  el_before_av_cell_one_half  avia-builder-el-first   \" style='height:350px; min-height:350px;background: #8e7c68; vertical-align:middle; padding:75px; background-color:#8e7c68; '><div class='flex_cell_inner' ><p><div  style='padding-bottom:10px; color:#ffffff;font-size:30px;' class='av-special-heading av-special-heading-h2 custom-color-heading blockquote modern-quote  avia-builder-el-35  el_before_av_hr  avia-builder-el-first  av-inherit-size '><h2 class='av-special-heading-tag '  itemprop=\"headline\"  >Creative ideas <span class='special_amp'>&amp;<\/span> successful concepts<\/h2><div class='special-heading-border'><div class='special-heading-inner-border' style='border-color:#ffffff'><\/div><\/div><\/div><br \/>\n<div  style=' margin-top:30px; margin-bottom:30px;'  class='hr hr-custom hr-left hr-icon-no   avia-builder-el-36  el_after_av_heading  el_before_av_textblock '><span class='hr-inner   inner-border-av-border-fat' style=' width:50px; border-color:#ffffff;' ><span class='hr-inner-style'><\/span><\/span><\/div><br \/>\n<section class=\"av_textblock_section \"  itemscope=\"itemscope\" itemtype=\"https:\/\/schema.org\/CreativeWork\" ><div class='avia_textblock  av_inherit_color '  style='color:#ffffff; '  itemprop=\"text\" ><p>Opracowujemy innowacyjne koncepcje i indywidualne rozwi\u0105zania w zakresie zasi\u0119gu i kampanii dla naszych partner\u00f3w biznesowych. Z wyczuciem trend\u00f3w, du\u017cym do\u015bwiadczeniem i kreatywno\u015bci\u0105, nasze kolekcje zawsze pokazuj\u0105 doskonale skoordynowane portfolio, od materia\u0142\u00f3w eksploatacyjnych po modne akcesoria. Poniewa\u017c jedno jest pewne: rado\u015b\u0107 z naszych produkt\u00f3w trwa nawet po 280 latach.<\/p>\n<div  class='avia-button-wrap avia-button-left  avia-builder-el-38  avia-builder-el-no-sibling ' ><a href='https:\/\/mueller-kerzen.de\/de\/'  class='avia-button   avia-icon_select-yes-left-icon avia-color-theme-color-highlight avia-size-medium avia-position-left '   ><span class='avia_button_icon avia_button_icon_left ' aria-hidden='true' data-av_icon='\ue859' data-av_iconfont='entypo-fontello'><\/span><span class='avia_iconbox_title' >Sprawd\u017a nasz niemiecki sklep internetowy<\/span><\/a><\/div>\n<\/div><\/section><\/p>\n<\/div><\/div><div class=\"flex_cell no_margin av_one_half  avia-builder-el-39  el_after_av_cell_one_half  avia-builder-el-last   avia-full-stretch \" style='height:350px; min-height:350px;background:url(https:\/\/www.mueller-kerzen.de\/wp-content\/uploads\/2020\/03\/Messestand-2018-M\u00fcller-Kerzen-02-495x400.jpg) center center no-repeat scroll; vertical-align:top; padding:50px; '><div class='flex_cell_inner' ><\/div><\/div><\/div><div id='av_section_3'  class='avia-section main_color avia-section-large avia-no-border-styling  avia-bg-style-scroll  avia-builder-el-40  el_after_av_layout_row  avia-builder-el-last   container_wrap sidebar_right' style=' '  ><div class='container' ><div class='template-page content  av-content-small alpha units'><div class='post-entry post-entry-type-page post-entry-249'><div class='entry-content-wrapper clearfix'>\n<div  style='padding-bottom:10px; font-size:30px;' class='av-special-heading av-special-heading-h3  blockquote modern-quote modern-centered  avia-builder-el-41  el_before_av_hr  avia-builder-el-first  av-inherit-size '><h3 class='av-special-heading-tag '  itemprop=\"headline\"  >Nasze lokalizacje produkcji i rozwoju<\/h3><div class='special-heading-border'><div class='special-heading-inner-border' ><\/div><\/div><\/div>\n<div  style=' margin-top:30px; margin-bottom:30px;'  class='hr hr-custom hr-center hr-icon-no   avia-builder-el-42  el_after_av_heading  el_before_av_one_third '><span class='hr-inner   inner-border-av-border-fat' style=' width:50px;' ><span class='hr-inner-style'><\/span><\/span><\/div>\n<div class=\"flex_column av_one_third  flex_column_div av-zero-column-padding first  avia-builder-el-43  el_after_av_hr  el_before_av_one_third  \" style='border-radius:0px; '><section class=\"av_textblock_section \"  itemscope=\"itemscope\" itemtype=\"https:\/\/schema.org\/CreativeWork\" ><div class='avia_textblock  '   itemprop=\"text\" ><h2>Straelen \/ Germany<\/h2>\n<p>Our main plant has been located on the left Lower Rhine near Venlo \/ NL since 1948. From 1962, the first buildings were erected and put into operation at the current location. Around 55 employees are currently responsible for marketing, sales and logistics, and new ideas and products are also developed here.<\/p>\n<p><img loading=\"lazy\" decoding=\"async\" class=\"alignleft wp-image-884 size-portfolio\" src=\"https:\/\/www.mueller-kerzen.de\/wp-content\/uploads\/2015\/03\/Werk_Straelen_2013-495x400.jpg\" alt=\"\" width=\"495\" height=\"400\" \/><\/p>\n<\/div><\/section><\/div><div class=\"flex_column av_one_third  flex_column_div av-zero-column-padding   avia-builder-el-45  el_after_av_one_third  el_before_av_one_third  \" style='border-radius:0px; '><section class=\"av_textblock_section \"  itemscope=\"itemscope\" itemtype=\"https:\/\/schema.org\/CreativeWork\" ><div class='avia_textblock  '   itemprop=\"text\" ><h2>Graudenz \/ Poland<\/h2>\n<p>Production in Graudenz (Grudzi\u0105dz) on the Vistula since 1988. Today, the majority of our candle production is located here on 80,000 m\u00b2, with tea and maxi lights, the filling of glasses, pillar candles and the POLAR candles. Around 900 colleagues work here around the clock.<\/p>\n<p><img loading=\"lazy\" decoding=\"async\" class=\"alignleft wp-image-1741 size-portfolio\" src=\"https:\/\/www.mueller-kerzen.de\/wp-content\/uploads\/2015\/03\/Mueller-Kerzenfabrik-Werk-Polen-495x400.jpg\" alt=\"\" width=\"495\" height=\"400\" \/><\/p>\n<\/div><\/section><\/div><div class=\"flex_column av_one_third  flex_column_div av-zero-column-padding   avia-builder-el-47  el_after_av_one_third  avia-builder-el-last  \" style='border-radius:0px; '><section class=\"av_textblock_section \"  itemscope=\"itemscope\" itemtype=\"https:\/\/schema.org\/CreativeWork\" ><div class='avia_textblock  '   itemprop=\"text\" ><h2>Taicang \/ China<\/h2>\n<p>Our production facility in Taicang was established in 2000. On the 25,000 m\u00b2 site in the province of Jiangsu in the east of the People&#8217;s Republic of China, around 120 employees are involved in the manufacture of hand-intensive products. This primarily includes seasonal items and elaborate candle finishing.<\/p>\n<p><img loading=\"lazy\" decoding=\"async\" class=\"alignnone size-full wp-image-13707\" src=\"https:\/\/www.mueller-kerzen.de\/wp-content\/uploads\/2018\/11\/Mueller-Kerzen-Werk-China-01web.jpg\" alt=\"\" width=\"495\" height=\"400\" \/><\/p>\n<\/div><\/section><\/div>\n<\/div><\/div><\/div><!-- close content main div --><\/div><\/div><div id='after_section_3'  class='main_color av_default_container_wrap container_wrap sidebar_right' style=' '  ><div class='container' ><div class='template-page content  av-content-small alpha units'><div class='post-entry post-entry-type-page post-entry-249'><div class='entry-content-wrapper clearfix'><\/p>\n","protected":false},"excerpt":{"rendered":"","protected":false},"author":1,"featured_media":0,"parent":0,"menu_order":0,"comment_status":"closed","ping_status":"closed","template":"","meta":{"footnotes":""},"class_list":["post-249","page","type-page","status-publish","hentry"],"_links":{"self":[{"href":"https:\/\/www.mueller-kerzen.de\/pl\/wp-json\/wp\/v2\/pages\/249","targetHints":{"allow":["GET"]}}],"collection":[{"href":"https:\/\/www.mueller-kerzen.de\/pl\/wp-json\/wp\/v2\/pages"}],"about":[{"href":"https:\/\/www.mueller-kerzen.de\/pl\/wp-json\/wp\/v2\/types\/page"}],"author":[{"embeddable":true,"href":"https:\/\/www.mueller-kerzen.de\/pl\/wp-json\/wp\/v2\/users\/1"}],"replies":[{"embeddable":true,"href":"https:\/\/www.mueller-kerzen.de\/pl\/wp-json\/wp\/v2\/comments?post=249"}],"version-history":[{"count":7,"href":"https:\/\/www.mueller-kerzen.de\/pl\/wp-json\/wp\/v2\/pages\/249\/revisions"}],"predecessor-version":[{"id":928,"href":"https:\/\/www.mueller-kerzen.de\/pl\/wp-json\/wp\/v2\/pages\/249\/revisions\/928"}],"wp:attachment":[{"href":"https:\/\/www.mueller-kerzen.de\/pl\/wp-json\/wp\/v2\/media?parent=249"}],"curies":[{"name":"wp","href":"https:\/\/api.w.org\/{rel}","templated":true}]}}