{"id":254,"date":"2020-04-08T17:19:55","date_gmt":"2020-04-08T15:19:55","guid":{"rendered":"https:\/\/localhost\/projects\/mueller-kerzen.de\/en\/?page_id=254"},"modified":"2020-04-21T10:37:07","modified_gmt":"2020-04-21T08:37:07","slug":"instrukcje-spalania","status":"publish","type":"page","link":"https:\/\/www.mueller-kerzen.de\/pl\/instrukcje-spalania\/","title":{"rendered":"Instrukcje spalania"},"content":{"rendered":"<div id='av-layout-grid-1'  class='av-layout-grid-container entry-content-wrapper alternate_color av-flex-cells     avia-builder-el-0  el_before_av_layout_row  avia-builder-el-first  home-boxed container_wrap sidebar_right' style=' '  >\n<div class=\"flex_cell no_margin av_one_half  avia-builder-el-1  el_before_av_cell_one_half  avia-builder-el-first   \" style='height:450px; min-height:450px;background: #f8f8f8; vertical-align:middle; padding:75px; background-color:#f8f8f8; '><div class='flex_cell_inner' ><p><div  style='padding-bottom:10px; font-size:30px;' class='av-special-heading av-special-heading-h3  blockquote modern-quote  avia-builder-el-2  el_before_av_textblock  avia-builder-el-first  av-inherit-size '><h3 class='av-special-heading-tag '  itemprop=\"headline\"  >Nigdy nie pozostawiaj \u015bwiecy p\u0142on\u0105cej bez nadzoru.<\/h3><div class='special-heading-border'><div class='special-heading-inner-border' ><\/div><\/div><\/div><br \/>\n<section class=\"av_textblock_section \"  itemscope=\"itemscope\" itemtype=\"https:\/\/schema.org\/CreativeWork\" ><div class='avia_textblock  '   itemprop=\"text\" ><p>Czasami zapomina si\u0119 o atmosferycznym \u015bwietle \u015bwiec, \u017ce p\u0142omie\u0144 jest otwartym ogniem. Dlatego nale\u017cy obchodzi\u0107 si\u0119 ze \u015bwiecami ostro\u017cnie, upewni\u0107 si\u0119, \u017ce znajduj\u0105 si\u0119 one w bezpiecznej i stabilnej pozycji, a przede wszystkim <strong>nigdy<\/strong> nie pozostawia\u0107 ich bez nadzoru. Post\u0119puj\u0105c zgodnie z tymi instrukcjami dotycz\u0105cymi spalania \u015bwiec, b\u0119dziesz cieszy\u0107 si\u0119 naszymi produktami.<\/p>\n<\/div><\/section><\/p>\n<\/div><\/div><div class=\"flex_cell no_margin av_one_half  avia-builder-el-4  el_after_av_cell_one_half  avia-builder-el-last   avia-full-stretch av-zero-padding \" style='height:450px; min-height:450px;background:url(https:\/\/www.mueller-kerzen.de\/wp-content\/uploads\/2020\/03\/sommer-2018-495x400.jpg) center center no-repeat scroll #f8f8f8; vertical-align:middle; padding:0px; background-color:#f8f8f8; '><div class='flex_cell_inner' ><\/div><\/div><\/div><div id='av-layout-grid-2'  class='av-layout-grid-container entry-content-wrapper alternate_color av-flex-cells     avia-builder-el-5  el_after_av_layout_row  el_before_av_one_full  home-boxed submenu-not-first container_wrap sidebar_right' style=' '  >\n<div class=\"flex_cell no_margin av_one_half  avia-builder-el-6  el_before_av_cell_one_half  avia-builder-el-first   avia-full-stretch av-zero-padding \" style='height:450px; min-height:450px;background:url(https:\/\/www.mueller-kerzen.de\/wp-content\/uploads\/2020\/03\/24611095-l8-fruehjahr-495x400.jpg) center center no-repeat scroll #f8f8f8; vertical-align:middle; padding:0; background-color:#f8f8f8; '><div class='flex_cell_inner' ><\/div><\/div><div class=\"flex_cell no_margin av_one_half  avia-builder-el-7  el_after_av_cell_one_half  avia-builder-el-last   \" style='height:450px; min-height:450px;background: #f8f8f8; vertical-align:middle; padding:75px; background-color:#f8f8f8; '><div class='flex_cell_inner' ><p><div  style='padding-bottom:10px; font-size:30px;' class='av-special-heading av-special-heading-h3  blockquote modern-quote  avia-builder-el-8  el_before_av_textblock  avia-builder-el-first  av-inherit-size '><h3 class='av-special-heading-tag '  itemprop=\"headline\"  >Instrukcje spalania<\/h3><div class='special-heading-border'><div class='special-heading-inner-border' ><\/div><\/div><\/div><br \/>\n<section class=\"av_textblock_section \"  itemscope=\"itemscope\" itemtype=\"https:\/\/schema.org\/CreativeWork\" ><div class='avia_textblock  '   itemprop=\"text\" ><p>Opr\u00f3cz podstawowych zasad palenia \u015bwiec istniej\u0105 r\u00f3wnie\u017c r\u00f3\u017cne piktogramy. Zazwyczaj mo\u017cna je znale\u017a\u0107 na opakowaniu \u2013 poni\u017cej wyja\u015bniamy najcz\u0119stsze piktogramy i ich znaczenie.<\/p>\n<\/div><\/section><\/p>\n<\/div><\/div><\/div><div id='after_submenu_2'  class='main_color av_default_container_wrap container_wrap sidebar_right' style=' '  ><div class='container' ><div class='template-page content  av-content-small alpha units'><div class='post-entry post-entry-type-page post-entry-254'><div class='entry-content-wrapper clearfix'><div class=\"flex_column av_one_full  flex_column_div av-zero-column-padding first  avia-builder-el-10  el_after_av_layout_row  el_before_av_one_fourth  avia-builder-el-first  \" style='border-radius:0px; '><p><div   class='hr hr-default   avia-builder-el-11  el_before_av_heading  avia-builder-el-first '><span class='hr-inner ' ><span class='hr-inner-style'><\/span><\/span><\/div><br \/>\n<div  style='padding-bottom:10px; font-size:30px;' class='av-special-heading av-special-heading-h3  blockquote modern-quote modern-centered  avia-builder-el-12  el_after_av_hr  avia-builder-el-last  av-inherit-size '><h3 class='av-special-heading-tag '  itemprop=\"headline\"  >Piktogramy i ich znaczenie<\/h3><div class='special-heading-border'><div class='special-heading-inner-border' ><\/div><\/div><\/div><\/p><\/div><div class=\"flex_column av_one_fourth  flex_column_div av-zero-column-padding first  avia-builder-el-13  el_after_av_one_full  el_before_av_one_fourth  column-top-margin\" style='border-radius:0px; '><section class=\"av_textblock_section \"  itemscope=\"itemscope\" itemtype=\"https:\/\/schema.org\/CreativeWork\" ><div class='avia_textblock  '   itemprop=\"text\" ><p><img loading=\"lazy\" decoding=\"async\" class=\"alignleft size-full wp-image-747\" src=\"https:\/\/www.mueller-kerzen.de\/wp-content\/uploads\/2017\/07\/ce822d30.gif\" alt=\"Nigdy nie pozostawiaj zapalonej \u015bwiecy bez nadzoru\" width=\"50\" height=\"50\" \/>Nigdy nie pozostawiaj zapalonej \u015bwiecy bez nadzoru<\/p>\n<\/div><\/section><\/div><div class=\"flex_column av_one_fourth  flex_column_div av-zero-column-padding   avia-builder-el-15  el_after_av_one_fourth  el_before_av_one_fourth  column-top-margin\" style='border-radius:0px; '><section class=\"av_textblock_section \"  itemscope=\"itemscope\" itemtype=\"https:\/\/schema.org\/CreativeWork\" ><div class='avia_textblock  '   itemprop=\"text\" ><p><img loading=\"lazy\" decoding=\"async\" class=\"wp-image-745 size-full alignleft\" src=\"https:\/\/www.mueller-kerzen.de\/wp-content\/uploads\/2017\/07\/ccbad51e.gif\" alt=\"Niech wypali si\u0119 poza zasi\u0119giem dzieci i zwierz\u0105t\" width=\"50\" height=\"50\" \/>Niech wypali si\u0119 poza zasi\u0119giem dzieci i zwierz\u0105t<\/p>\n<\/div><\/section><\/div><div class=\"flex_column av_one_fourth  flex_column_div av-zero-column-padding   avia-builder-el-17  el_after_av_one_fourth  el_before_av_one_fourth  column-top-margin\" style='border-radius:0px; '><section class=\"av_textblock_section \"  itemscope=\"itemscope\" itemtype=\"https:\/\/schema.org\/CreativeWork\" ><div class='avia_textblock  '   itemprop=\"text\" ><p><img loading=\"lazy\" decoding=\"async\" class=\"alignleft wp-image-746 size-full\" src=\"https:\/\/www.mueller-kerzen.de\/wp-content\/uploads\/2017\/07\/8e31710b.gif\" alt=\"Zawsze pozostawia\u0107 co najmniej 10 cm mi\u0119dzy p\u0142on\u0105cymi \u015bwiecami\" width=\"50\" height=\"50\" \/>Zawsze pozostawia\u0107 co najmniej 10 cm mi\u0119dzy p\u0142on\u0105cymi \u015bwiecami<\/p>\n<\/div><\/section><\/div><div class=\"flex_column av_one_fourth  flex_column_div av-zero-column-padding   avia-builder-el-19  el_after_av_one_fourth  el_before_av_one_fourth  column-top-margin\" style='border-radius:0px; '><section class=\"av_textblock_section \"  itemscope=\"itemscope\" itemtype=\"https:\/\/schema.org\/CreativeWork\" ><div class='avia_textblock  '   itemprop=\"text\" ><p><img loading=\"lazy\" decoding=\"async\" class=\"alignleft wp-image-744 size-full\" src=\"https:\/\/www.mueller-kerzen.de\/wp-content\/uploads\/2017\/07\/a249cbe2.gif\" alt=\"Nie pozw\u00f3l, aby \u015bwieca pali\u0142a si\u0119 na \u0142atwopalnych przedmiotach lub w ich pobli\u017cu\" width=\"50\" height=\"50\" \/>Nie pozw\u00f3l, aby \u015bwieca pali\u0142a si\u0119 na \u0142atwopalnych przedmiotach lub w ich pobli\u017cu<\/p>\n<\/div><\/section><\/div><div class=\"flex_column av_one_fourth  flex_column_div av-zero-column-padding first  avia-builder-el-21  el_after_av_one_fourth  el_before_av_one_fourth  column-top-margin\" style='border-radius:0px; '><section class=\"av_textblock_section \"  itemscope=\"itemscope\" itemtype=\"https:\/\/schema.org\/CreativeWork\" ><div class='avia_textblock  '   itemprop=\"text\" ><p><img loading=\"lazy\" decoding=\"async\" class=\"alignleft wp-image-743 size-full\" src=\"https:\/\/www.mueller-kerzen.de\/wp-content\/uploads\/2017\/07\/f78c7962.gif\" alt=\"Nie umieszczaj \u015bwiec w przeci\u0105gach\" width=\"50\" height=\"50\" \/>Nie umieszczaj \u015bwiec w przeci\u0105gach<\/p>\n<\/div><\/section><\/div><div class=\"flex_column av_one_fourth  flex_column_div av-zero-column-padding   avia-builder-el-23  el_after_av_one_fourth  el_before_av_one_fourth  column-top-margin\" style='border-radius:0px; '><section class=\"av_textblock_section \"  itemscope=\"itemscope\" itemtype=\"https:\/\/schema.org\/CreativeWork\" ><div class='avia_textblock  '   itemprop=\"text\" ><p><img loading=\"lazy\" decoding=\"async\" class=\"alignleft wp-image-742 size-full\" src=\"https:\/\/www.mueller-kerzen.de\/wp-content\/uploads\/2017\/07\/6ab740cf.gif\" alt=\"Nie stawiaj \u015bwiec w pobli\u017cu \u017ar\u00f3de\u0142 ciep\u0142a\" width=\"50\" height=\"50\" \/>Nie stawiaj \u015bwiec w pobli\u017cu \u017ar\u00f3de\u0142 ciep\u0142a<\/p>\n<\/div><\/section><\/div><div class=\"flex_column av_one_fourth  flex_column_div av-zero-column-padding   avia-builder-el-25  el_after_av_one_fourth  el_before_av_one_fourth  column-top-margin\" style='border-radius:0px; '><section class=\"av_textblock_section \"  itemscope=\"itemscope\" itemtype=\"https:\/\/schema.org\/CreativeWork\" ><div class='avia_textblock  '   itemprop=\"text\" ><p><img loading=\"lazy\" decoding=\"async\" class=\"alignleft wp-image-748 size-full\" src=\"https:\/\/www.mueller-kerzen.de\/wp-content\/uploads\/2017\/07\/69bb8826.gif\" alt=\"Ustaw \u015bwiece pionowo\" width=\"50\" height=\"50\" \/>Ustaw \u015bwiece pionowo<\/p>\n<\/div><\/section><\/div><div class=\"flex_column av_one_fourth  flex_column_div av-zero-column-padding   avia-builder-el-27  el_after_av_one_fourth  el_before_av_one_fourth  column-top-margin\" style='border-radius:0px; '><section class=\"av_textblock_section \"  itemscope=\"itemscope\" itemtype=\"https:\/\/schema.org\/CreativeWork\" ><div class='avia_textblock  '   itemprop=\"text\" ><p><img loading=\"lazy\" decoding=\"async\" class=\"alignleft wp-image-749 size-full\" src=\"https:\/\/www.mueller-kerzen.de\/wp-content\/uploads\/2017\/07\/ee72b064.gif\" alt=\"Skr\u00f3\u0107 knot do oko\u0142o 1 cm przed zapaleniem\" width=\"50\" height=\"50\" \/>Skr\u00f3\u0107 knot do oko\u0142o 1 cm przed zapaleniem<\/p>\n<\/div><\/section><\/div><div class=\"flex_column av_one_fourth  flex_column_div av-zero-column-padding first  avia-builder-el-29  el_after_av_one_fourth  el_before_av_one_fourth  column-top-margin\" style='border-radius:0px; '><section class=\"av_textblock_section \"  itemscope=\"itemscope\" itemtype=\"https:\/\/schema.org\/CreativeWork\" ><div class='avia_textblock  '   itemprop=\"text\" ><p><img loading=\"lazy\" decoding=\"async\" class=\"alignleft wp-image-751 size-full\" src=\"https:\/\/www.mueller-kerzen.de\/wp-content\/uploads\/2017\/07\/0546b7db.gif\" alt=\"Zawsze t\u0142umi\u0107 p\u0142omie\u0144. Nie zdmuchuj\" width=\"50\" height=\"50\" \/>Zawsze t\u0142umi\u0107 p\u0142omie\u0144. Nie zdmuchuj<\/p>\n<\/div><\/section><\/div><div class=\"flex_column av_one_fourth  flex_column_div av-zero-column-padding   avia-builder-el-31  el_after_av_one_fourth  el_before_av_one_fourth  column-top-margin\" style='border-radius:0px; '><section class=\"av_textblock_section \"  itemscope=\"itemscope\" itemtype=\"https:\/\/schema.org\/CreativeWork\" ><div class='avia_textblock  '   itemprop=\"text\" ><p><img loading=\"lazy\" decoding=\"async\" class=\"alignleft wp-image-737 size-full\" src=\"https:\/\/www.mueller-kerzen.de\/wp-content\/uploads\/2017\/07\/4a7b2bab.gif\" alt=\"Zawsze u\u017cywaj \u015bwiecznika\" width=\"50\" height=\"50\" \/>Zawsze u\u017cywaj \u015bwiecznika<\/p>\n<\/div><\/section><\/div><div class=\"flex_column av_one_fourth  flex_column_div av-zero-column-padding   avia-builder-el-33  el_after_av_one_fourth  el_before_av_one_fourth  column-top-margin\" style='border-radius:0px; '><section class=\"av_textblock_section \"  itemscope=\"itemscope\" itemtype=\"https:\/\/schema.org\/CreativeWork\" ><div class='avia_textblock  '   itemprop=\"text\" ><p><img loading=\"lazy\" decoding=\"async\" class=\"alignleft wp-image-750 size-full\" src=\"https:\/\/www.mueller-kerzen.de\/wp-content\/uploads\/2017\/07\/99367719.gif\" alt=\"Trzymaj stopiony wosk wolny od zapa\u0142ek i innych zanieczyszcze\u0144\" width=\"50\" height=\"50\" \/>Trzymaj stopiony wosk wolny od zapa\u0142ek i innych zanieczyszcze\u0144<\/p>\n<\/div><\/section><\/div><div class=\"flex_column av_one_fourth  flex_column_div av-zero-column-padding   avia-builder-el-35  el_after_av_one_fourth  el_before_av_one_fourth  column-top-margin\" style='border-radius:0px; '><section class=\"av_textblock_section \"  itemscope=\"itemscope\" itemtype=\"https:\/\/schema.org\/CreativeWork\" ><div class='avia_textblock  '   itemprop=\"text\" ><p><img loading=\"lazy\" decoding=\"async\" class=\"alignleft wp-image-738 size-full\" src=\"https:\/\/www.mueller-kerzen.de\/wp-content\/uploads\/2017\/07\/cac26c31.gif\" alt=\"Nie ruszaj zapalonej \u015bwiecy\" width=\"50\" height=\"50\" \/>Nie ruszaj zapalonej \u015bwiecy<\/p>\n<\/div><\/section><\/div><div class=\"flex_column av_one_fourth  flex_column_div av-zero-column-padding first  avia-builder-el-37  el_after_av_one_fourth  el_before_av_one_fourth  column-top-margin\" style='border-radius:0px; '><section class=\"av_textblock_section \"  itemscope=\"itemscope\" itemtype=\"https:\/\/schema.org\/CreativeWork\" ><div class='avia_textblock  '   itemprop=\"text\" ><p><img loading=\"lazy\" decoding=\"async\" class=\"alignleft wp-image-739 size-thumbnail\" src=\"https:\/\/www.mueller-kerzen.de\/wp-content\/uploads\/2017\/07\/367736b3-80x50.gif\" alt=\"Podgrzewaczy u\u017cywaj tylko w pojemnikach i cieple z odpowiednim dop\u0142ywem powietrza\" width=\"80\" height=\"50\" \/>Podgrzewaczy u\u017cywaj tylko w pojemnikach i cieple z odpowiednim dop\u0142ywem powietrza<\/p>\n<\/div><\/section><\/div><div class=\"flex_column av_one_fourth  flex_column_div av-zero-column-padding   avia-builder-el-39  el_after_av_one_fourth  el_before_av_one_fourth  column-top-margin\" style='border-radius:0px; '><section class=\"av_textblock_section \"  itemscope=\"itemscope\" itemtype=\"https:\/\/schema.org\/CreativeWork\" ><div class='avia_textblock  '   itemprop=\"text\" ><p><img loading=\"lazy\" decoding=\"async\" class=\"alignleft wp-image-740 size-thumbnail\" src=\"https:\/\/www.mueller-kerzen.de\/wp-content\/uploads\/2017\/07\/67ba0635-80x50.gif\" alt=\"U\u017cywaj odpowiedniego pojemnika, poniewa\u017c \u015bwiece te up\u0142ynniaj\u0105 si\u0119 podczas spalania\" width=\"80\" height=\"50\" \/>U\u017cywaj odpowiedniego pojemnika, poniewa\u017c \u015bwiece te up\u0142ynniaj\u0105 si\u0119 podczas spalania<\/p>\n<\/div><\/section><\/div><div class=\"flex_column av_one_fourth  flex_column_div av-zero-column-padding   avia-builder-el-41  el_after_av_one_fourth  el_before_av_one_full  column-top-margin\" style='border-radius:0px; '><section class=\"av_textblock_section \"  itemscope=\"itemscope\" itemtype=\"https:\/\/schema.org\/CreativeWork\" ><div class='avia_textblock  '   itemprop=\"text\" ><p><img loading=\"lazy\" decoding=\"async\" class=\"alignleft wp-image-741 size-full\" src=\"https:\/\/www.mueller-kerzen.de\/wp-content\/uploads\/2017\/07\/0f5689b7.gif\" alt=\"Nigdy nie gasi\u0107 p\u0142ynem\" width=\"50\" height=\"50\" \/>Nigdy nie gasi\u0107 p\u0142ynem<\/p>\n<\/div><\/section><\/div><div class=\"flex_column av_one_full  flex_column_div av-zero-column-padding first  avia-builder-el-43  el_after_av_one_fourth  el_before_av_one_full  column-top-margin\" style='border-radius:0px; '><p><div   class='hr hr-default   avia-builder-el-44  el_before_av_heading  avia-builder-el-first '><span class='hr-inner ' ><span class='hr-inner-style'><\/span><\/span><\/div><br \/>\n<div  style='padding-bottom:10px; font-size:30px;' class='av-special-heading av-special-heading-h3  blockquote modern-quote modern-centered  avia-builder-el-45  el_after_av_hr  avia-builder-el-last  av-inherit-size '><h3 class='av-special-heading-tag '  itemprop=\"headline\"  >Nasz ma\u0142y film pokazuje najwa\u017cniejsze zasady spalania \u015bwiec<\/h3><div class='special-heading-border'><div class='special-heading-inner-border' ><\/div><\/div><\/div><\/p><\/div><div class=\"flex_column av_one_full  flex_column_div av-zero-column-padding first  avia-builder-el-46  el_after_av_one_full  el_before_av_one_full  column-top-margin\" style='border-radius:0px; '><section class=\"av_textblock_section \"  itemscope=\"itemscope\" itemtype=\"https:\/\/schema.org\/CreativeWork\" ><div class='avia_textblock  '   itemprop=\"text\" ><p><script src=\"https:\/\/fast.wistia.com\/embed\/medias\/ei9d65gap9.jsonp\" async><\/script><br \/>\n<script src=\"https:\/\/fast.wistia.com\/assets\/external\/E-v1.js\" async><\/script><\/p>\n<div class=\"wistia_responsive_padding\" style=\"padding:56.25% 0 0 0;position:relative;\">\n<div class=\"wistia_responsive_wrapper\" style=\"height:100%;left:0;position:absolute;top:0;width:100%;\"><span class=\"wistia_embed wistia_async_ei9d65gap9 popover=true popoverAnimateThumbnail=true videoFoam=true\" style=\"display:inline-block;height:100%;position:relative;width:100%\">\u00a0<\/span><\/div>\n<\/div>\n<\/div><\/section><\/div><\/p>\n<div class=\"flex_column av_one_full  flex_column_div av-zero-column-padding first  avia-builder-el-48  el_after_av_one_full  el_before_av_one_third  column-top-margin\" style='border-radius:0px; '><p><div   class='hr hr-default   avia-builder-el-49  el_before_av_heading  avia-builder-el-first '><span class='hr-inner ' ><span class='hr-inner-style'><\/span><\/span><\/div><br \/>\n<div  style='padding-bottom:10px; font-size:30px;' class='av-special-heading av-special-heading-h3  blockquote modern-quote modern-centered  avia-builder-el-50  el_after_av_hr  avia-builder-el-last  av-inherit-size '><h3 class='av-special-heading-tag '  itemprop=\"headline\"  >Nasze wskaz\u00f3wki dotycz\u0105ce najcz\u0119\u015bciej zadawanych pyta\u0144<\/h3><div class='special-heading-border'><div class='special-heading-inner-border' ><\/div><\/div><\/div><\/p><\/div><div class=\"flex_column av_one_third  flex_column_div av-zero-column-padding first  avia-builder-el-51  el_after_av_one_full  el_before_av_one_third  column-top-margin\" style='border-radius:0px; '><section class=\"av_textblock_section \"  itemscope=\"itemscope\" itemtype=\"https:\/\/schema.org\/CreativeWork\" ><div class='avia_textblock  '   itemprop=\"text\" ><h3>\u015awieca pali, dlaczego tak jest?<\/h3>\n<p>Mo\u017ce to mie\u0107 r\u00f3\u017cne przyczyny, ale przewa\u017cnie knot jest po prostu za d\u0142ugi. W takim przypadku nale\u017cy zgasi\u0107 \u015bwiec\u0119, zanurzaj\u0105c knot w p\u0142ynnym wosku i ponownie prostuj\u0105c. Skr\u00f3\u0107 knot do oko\u0142o 1 cm d\u0142ugo\u015bci. Zdarza si\u0119 r\u00f3wnie\u017c, \u017ce knot zapycha si\u0119, np. B. z powodu z\u0142amanych zapa\u0142ek lub innych zanieczyszcze\u0144. Nast\u0119pnie zwykle na jego ko\u0144cu powstaje znaczek, pogrubienie. Ponownie nale\u017cy ostro\u017cnie skr\u00f3ci\u0107 knot i odci\u0105\u0107 pogrubienie.<\/p>\n<\/div><\/section><\/div><div class=\"flex_column av_one_third  flex_column_div av-zero-column-padding   avia-builder-el-53  el_after_av_one_third  el_before_av_one_third  column-top-margin\" style='border-radius:0px; '><section class=\"av_textblock_section \"  itemscope=\"itemscope\" itemtype=\"https:\/\/schema.org\/CreativeWork\" ><div class='avia_textblock  '   itemprop=\"text\" ><h3>Migocz\u0105cy p\u0142omie\u0144 \u2013 co robi\u0107?<\/h3>\n<p>Migaj\u0105ce p\u0142omienie s\u0105 zwykle spowodowane zbyt g\u0142\u0119bokimi misami palnika. Je\u015bli \u015bwieczka ma kraw\u0119d\u017a wi\u0119ksz\u0105 ni\u017c 1 cm, zga\u015b \u015bwiec\u0119, zanurzaj\u0105c knot w p\u0142ynnym wosku i od razu prostuj\u0105c. Nast\u0119pnie odetnij nadmiar kraw\u0119dzi wosku no\u017cem \u2013 ale b\u0105d\u017a ostro\u017cny, poniewa\u017c ciek\u0142y wosk w misce palnika jest bardzo gor\u0105cy i mo\u017ce spowodowa\u0107 poparzenia. Odetnij tak bardzo, \u017ce jest wystarczaj\u0105ca kraw\u0119d\u017a do utrzymania p\u0142ynnego wosku.<\/p>\n<\/div><\/section><\/div><div class=\"flex_column av_one_third  flex_column_div av-zero-column-padding   avia-builder-el-55  el_after_av_one_third  avia-builder-el-last  column-top-margin\" style='border-radius:0px; '><section class=\"av_textblock_section \"  itemscope=\"itemscope\" itemtype=\"https:\/\/schema.org\/CreativeWork\" ><div class='avia_textblock  '   itemprop=\"text\" ><h3>\u015awieca si\u0119 ko\u0144czy!<\/h3>\n<p>W gr\u0119 wchodz\u0105 prawie zawsze przeci\u0105gi: p\u0142omie\u0144 \u015bwiecy powinien p\u0142on\u0105\u0107 r\u00f3wnomiernie. Nawet przy lekkim przeci\u0105gu p\u0142omie\u0144 zaczyna ta\u0144czy\u0107 tam iz powrotem. P\u0142on\u0105ca misa rozszerza si\u0119 poza prawid\u0142owy rozmiar, dop\u00f3ki ciek\u0142ego wosku nie b\u0119dzie ju\u017c mo\u017cna oderwa\u0107 od kraw\u0119dzi i sko\u0144czy si\u0119. Jednak zbyt ma\u0142e i w\u0105skie naczynia mog\u0105 r\u00f3wnie\u017c powodowa\u0107 wyciek \u015bwiec. Ciep\u0142o p\u0142omienia jest odbijane, a tak\u017ce ogrzewa \u015bwiec\u0119 z zewn\u0105trz, dzi\u0119ki czemu wa\u017cna kraw\u0119d\u017a nie mo\u017ce d\u0142u\u017cej utrzymywa\u0107 p\u0142ynnego wosku.<\/p>\n<\/div><\/section><\/div><\/p>\n","protected":false},"excerpt":{"rendered":"","protected":false},"author":1,"featured_media":0,"parent":0,"menu_order":0,"comment_status":"closed","ping_status":"closed","template":"","meta":{"footnotes":""},"class_list":["post-254","page","type-page","status-publish","hentry"],"_links":{"self":[{"href":"https:\/\/www.mueller-kerzen.de\/pl\/wp-json\/wp\/v2\/pages\/254","targetHints":{"allow":["GET"]}}],"collection":[{"href":"https:\/\/www.mueller-kerzen.de\/pl\/wp-json\/wp\/v2\/pages"}],"about":[{"href":"https:\/\/www.mueller-kerzen.de\/pl\/wp-json\/wp\/v2\/types\/page"}],"author":[{"embeddable":true,"href":"https:\/\/www.mueller-kerzen.de\/pl\/wp-json\/wp\/v2\/users\/1"}],"replies":[{"embeddable":true,"href":"https:\/\/www.mueller-kerzen.de\/pl\/wp-json\/wp\/v2\/comments?post=254"}],"version-history":[{"count":0,"href":"https:\/\/www.mueller-kerzen.de\/pl\/wp-json\/wp\/v2\/pages\/254\/revisions"}],"wp:attachment":[{"href":"https:\/\/www.mueller-kerzen.de\/pl\/wp-json\/wp\/v2\/media?parent=254"}],"curies":[{"name":"wp","href":"https:\/\/api.w.org\/{rel}","templated":true}]}}