{"id":267,"date":"2020-04-09T07:54:01","date_gmt":"2020-04-09T05:54:01","guid":{"rendered":"https:\/\/localhost\/projects\/mueller-kerzen.de\/en\/?page_id=267"},"modified":"2021-01-19T08:24:16","modified_gmt":"2021-01-19T07:24:16","slug":"znak-firmowy-wydawcy","status":"publish","type":"page","link":"https:\/\/www.mueller-kerzen.de\/pl\/znak-firmowy-wydawcy\/","title":{"rendered":"Znak firmowy wydawcy"},"content":{"rendered":"<div class=\"flex_column av_one_full  flex_column_div av-zero-column-padding first  avia-builder-el-0  avia-builder-el-no-sibling  \" style='border-radius:0px; '><p><section class=\"av_textblock_section \"  itemscope=\"itemscope\" itemtype=\"https:\/\/schema.org\/CreativeWork\" ><div class='avia_textblock  '   itemprop=\"text\" ><p>Mueller Fabryka \u015awiec Sp\u00f3\u0142ka Akcyjna<br \/>\nBia\u0142y B\u00f3r 211, 86-302 Grudzi\u0105dz<\/p>\n<p>Adres do korespodencji:<br \/>\nMueller Fabryka \u015awiec S.A.<br \/>\nBia\u0142y B\u00f3r 211, 86-302 Grudzi\u0105dz<\/p>\n<p>Phone: + 48 56 45 14 500<br \/>\nEmail: <a href=\"mailto:biuro@mueller-swiece.pl\">biuro@mueller-swiece.pl<\/a><\/p>\n<p>Zarejestrowana w S\u0105dzie Rejonowym w Bydgoszczy,<br \/>\nXIII Wydzia\u0142 Gospodarczy Krajowego Rejestru S\u0105dowego<br \/>\n<strong>nr KRS: 0000130545<\/strong><\/p>\n<p>Numer identyfikacji podatkowej<br \/>\n<strong>NIP: 9671146988<\/strong><\/p>\n<p>Wysoko\u015b\u0107 kapita\u0142u zak\u0142adowej i kapita\u0142u wp\u0142aconego<br \/>\n<strong>4\u00a0800\u00a0000,00 Z\u0141<\/strong><\/p>\n<p>Reprezentowany przez Zarz\u0105d:<br \/>\nZygmunt Szczepaniak, Robert Spycha\u0142a, Cyprien Bonnet<\/p>\n<\/div><\/section><br \/>\n<section class=\"av_textblock_section \"  itemscope=\"itemscope\" itemtype=\"https:\/\/schema.org\/CreativeWork\" ><div class='avia_textblock  '   itemprop=\"text\" ><h2>Powiadomienie o odpowiedzialno\u015bci<\/h2>\n<p>Nasza strona internetowa zawiera hiper\u0142\u0105cza do innych stron internetowych. Wyrokiem z dnia 12 maja 1998 r. (AZ 312 0 85\/98) s\u0105d okr\u0119gowy w Hamburgu zdecydowa\u0142, \u017ce w razie potrzeby u\u017cytkownik musi by\u0107 odpowiedzialny za tre\u015b\u0107 po\u0142\u0105czonej strony, umieszczaj\u0105c link.<\/p>\n<p>Niniejszym wyra\u017anie dystansujemy si\u0119 od wszystkich tre\u015bci na wszystkich po\u0142\u0105czonych zewn\u0119trznych stronach i nie przyjmujemy tych tre\u015bci jako w\u0142asnych. Niniejsza deklaracja dotyczy wszystkich link\u00f3w na naszej stronie internetowej. W \u017cadnym wypadku nie ponosimy odpowiedzialno\u015bci za tre\u015b\u0107 stron internetowych, kt\u00f3re nas dotycz\u0105. Nie jeste\u015bmy r\u00f3wnie\u017c w stanie zidentyfikowa\u0107 ani zweryfikowa\u0107 odniesie\u0144 do nas.<\/p>\n<p>Nie mamy r\u00f3wnie\u017c wp\u0142ywu na to, w jaki spos\u00f3b informacje tu przedstawione s\u0105 wykorzystywane, przekazywane lub zmieniane przez u\u017cytkownika i dlatego nie mo\u017cemy ponosi\u0107 odpowiedzialno\u015bci za jakiekolwiek szkody, utracone korzy\u015bci lub inne po\u015brednie lub bezpo\u015brednie konsekwencje wynikaj\u0105ce z korzystania z informacji tu zawartych staj\u0105 si\u0119 .<\/p>\n<h2>Polityka prywatno\u015bci<\/h2>\n<p>Tutaj znajdziesz nasz\u0105 <a href=\"https:\/\/www.mueller-kerzen.de\/pl\/gdpr-rodo\/\">Polityka prywatno\u015bci<\/a><\/p>\n<\/div><\/section><br \/>\n<section class=\"av_textblock_section  av-desktop-hide av-medium-hide av-small-hide av-mini-hide\"  itemscope=\"itemscope\" itemtype=\"https:\/\/schema.org\/CreativeWork\" ><div class='avia_textblock  '   itemprop=\"text\" ><p>Mueller Fabryka \u015awiec S.A.<br \/>\nul. Janowiecka 12, 85-376 Bydgoszcz<\/p>\n<p>Adres do korespodencji:<br \/>\nMueller Fabryka \u015awiec S.A.<br \/>\nBia\u0142y B\u00f3r 211, 86-302 Grudzi\u0105dz<\/p>\n<p>Phone: + 48 56 45 14 500<br \/>\nEmail: <a href=\"mailto:biuro@mueller-swiece.pl\">biuro@mueller-swiece.pl<\/a><\/p>\n<p>S\u0105d Rejonowy w Bydgoszczy XIII Wydzia\u0142 Gospodarczy<br \/>\nKRS: 0000130545<\/p>\n<p>NIP: 9671146988<\/p>\n<p>Reprezentowany przez Zarz\u0105d:<br \/>\nThomas M\u00fcller, Stefan M\u00fcller<\/p>\n<h2>Powiadomienie o odpowiedzialno\u015bci<\/h2>\n<p>Nasza strona internetowa zawiera hiper\u0142\u0105cza do innych stron internetowych. Wyrokiem z dnia 12 maja 1998 r. (AZ 312 0 85\/98) s\u0105d okr\u0119gowy w Hamburgu zdecydowa\u0142, \u017ce w razie potrzeby u\u017cytkownik musi by\u0107 odpowiedzialny za tre\u015b\u0107 po\u0142\u0105czonej strony, umieszczaj\u0105c link.<\/p>\n<p>Niniejszym wyra\u017anie dystansujemy si\u0119 od wszystkich tre\u015bci na wszystkich po\u0142\u0105czonych zewn\u0119trznych stronach i nie przyjmujemy tych tre\u015bci jako w\u0142asnych. Niniejsza deklaracja dotyczy wszystkich link\u00f3w na naszej stronie internetowej. W \u017cadnym wypadku nie ponosimy odpowiedzialno\u015bci za tre\u015b\u0107 stron internetowych, kt\u00f3re nas dotycz\u0105. Nie jeste\u015bmy r\u00f3wnie\u017c w stanie zidentyfikowa\u0107 ani zweryfikowa\u0107 odniesie\u0144 do nas.<\/p>\n<p>Nie mamy r\u00f3wnie\u017c wp\u0142ywu na to, w jaki spos\u00f3b informacje tu przedstawione s\u0105 wykorzystywane, przekazywane lub zmieniane przez u\u017cytkownika i dlatego nie mo\u017cemy ponosi\u0107 odpowiedzialno\u015bci za jakiekolwiek szkody, utracone korzy\u015bci lub inne po\u015brednie lub bezpo\u015brednie konsekwencje wynikaj\u0105ce z korzystania z informacji tu zawartych staj\u0105 si\u0119 .<\/p>\n<h2>Polityka prywatno\u015bci<\/h2>\n<p>Tutaj znajdziesz nasz\u0105 <a href=\"https:\/\/www.mueller-kerzen.de\/pl\/gdpr-rodo\/\">Polityka prywatno\u015bci<\/a><\/p>\n<\/div><\/section><\/p><\/div>\n","protected":false},"excerpt":{"rendered":"","protected":false},"author":1,"featured_media":0,"parent":0,"menu_order":0,"comment_status":"closed","ping_status":"closed","template":"","meta":{"footnotes":""},"class_list":["post-267","page","type-page","status-publish","hentry"],"_links":{"self":[{"href":"https:\/\/www.mueller-kerzen.de\/pl\/wp-json\/wp\/v2\/pages\/267","targetHints":{"allow":["GET"]}}],"collection":[{"href":"https:\/\/www.mueller-kerzen.de\/pl\/wp-json\/wp\/v2\/pages"}],"about":[{"href":"https:\/\/www.mueller-kerzen.de\/pl\/wp-json\/wp\/v2\/types\/page"}],"author":[{"embeddable":true,"href":"https:\/\/www.mueller-kerzen.de\/pl\/wp-json\/wp\/v2\/users\/1"}],"replies":[{"embeddable":true,"href":"https:\/\/www.mueller-kerzen.de\/pl\/wp-json\/wp\/v2\/comments?post=267"}],"version-history":[{"count":0,"href":"https:\/\/www.mueller-kerzen.de\/pl\/wp-json\/wp\/v2\/pages\/267\/revisions"}],"wp:attachment":[{"href":"https:\/\/www.mueller-kerzen.de\/pl\/wp-json\/wp\/v2\/media?parent=267"}],"curies":[{"name":"wp","href":"https:\/\/api.w.org\/{rel}","templated":true}]}}