{"id":278,"date":"2020-04-09T08:13:33","date_gmt":"2020-04-09T06:13:33","guid":{"rendered":"https:\/\/localhost\/projects\/mueller-kerzen.de\/en\/?page_id=278"},"modified":"2024-04-29T15:52:07","modified_gmt":"2024-04-29T13:52:07","slug":"historia","status":"publish","type":"page","link":"https:\/\/www.mueller-kerzen.de\/pl\/historia\/","title":{"rendered":"Historia"},"content":{"rendered":"<div id='av_section_1'  class='avia-section main_color avia-section-huge avia-no-border-styling  avia-full-stretch avia-bg-style-scroll  avia-builder-el-0  el_before_av_layout_row  avia-builder-el-first   av-minimum-height av-minimum-height-50  container_wrap sidebar_right' style='background-repeat: no-repeat; background-image: url(https:\/\/www.mueller-kerzen.de\/wp-content\/uploads\/2020\/03\/Elektrische-Kerzenzugmaschinen-1938-1224x430.jpg);background-attachment: scroll; background-position: center center;  '  data-section-bg-repeat='stretch' data-av_minimum_height_pc='50'><div class='container' ><main  role=\"main\" itemprop=\"mainContentOfPage\"  class='template-page content  av-content-small alpha units'><div class='post-entry post-entry-type-page post-entry-278'><div class='entry-content-wrapper clearfix'>\n<\/div><\/div><\/main><!-- close content main element --><\/div><\/div><div id='av-layout-grid-1'  class='av-layout-grid-container entry-content-wrapper main_color av-flex-cells av-break-at-tablet    avia-builder-el-1  el_after_av_section  el_before_av_layout_row  home-boxed submenu-not-first container_wrap sidebar_right' style=' '  >\n<div class=\"flex_cell no_margin av_one_half  avia-builder-el-2  el_before_av_cell_one_half  avia-builder-el-first   avia-full-stretch \" style='height:400px; min-height:400px;background:url(https:\/\/www.mueller-kerzen.de\/wp-content\/uploads\/2020\/03\/high3geb\u00e4ude-495x363.jpg) center center no-repeat scroll; vertical-align:top; padding:100; '><div class='flex_cell_inner' ><\/div><\/div><div class=\"flex_cell no_margin av_one_half  avia-builder-el-3  el_after_av_cell_one_half  avia-builder-el-last   avia-full-stretch \" style='height:400px; min-height:400px;vertical-align:middle; padding:75px; '><div class='flex_cell_inner' ><section class=\"av_textblock_section \"  itemscope=\"itemscope\" itemtype=\"https:\/\/schema.org\/CreativeWork\" ><div class='avia_textblock  '   itemprop=\"text\" ><dl class=\"history gold\">\n<dt>1744<\/dt>\n<dd>Za\u0142o\u017cenie firmy w Patschkau, \u015al\u0105sk \/ dzi\u015b Polska<\/dd>\n<dt>1900<\/dt>\n<dd>Pierwszym krokiem w kierunku fabrycznej produkcji \u015bwiec jest wybudowanie budynku produkcyjnego poza miastem<\/dd>\n<dt>1908<\/dt>\n<dd>Bracia Joseph i Franz M\u00fcller przejmuj\u0105 kierownictwo kwitn\u0105cej firmy<\/dd>\n<dt>1945<\/dt>\n<dd>Wyw\u0142aszczenie sp\u00f3\u0142ki przez pa\u0144stwo polskie<\/dd>\n<\/dl>\n<\/div><\/section>\n<\/div><\/div>\n<\/div>\n<div id='av-layout-grid-2'  class='av-layout-grid-container entry-content-wrapper main_color av-flex-cells av-break-at-tablet    avia-builder-el-5  el_after_av_layout_row  el_before_av_layout_row  home-boxed submenu-not-first container_wrap sidebar_right' style=' '  >\n<div class=\"flex_cell no_margin av_one_half  avia-builder-el-6  el_before_av_cell_one_half  avia-builder-el-first   \" style='height:400px; min-height:400px;background: #ffffff; vertical-align:middle; padding:75px; background-color:#ffffff; '><div class='flex_cell_inner' ><section class=\"av_textblock_section \"  itemscope=\"itemscope\" itemtype=\"https:\/\/schema.org\/CreativeWork\" ><div class='avia_textblock  '   itemprop=\"text\" ><dl class=\"history gold\">\n<dt>1948<\/dt>\n<dt><\/dt>\n<dd>Joseph M\u00fcller zaczyna od nowa w Straelen<\/dd>\n<\/dl>\n<dl class=\"history gold\">\n<dt>1961<\/dt>\n<dd>W przypadku po\u017caru budynek produkcyjny ulega zniszczeniu<\/dd>\n<dt>1962<\/dt>\n<dd>Nowy pocz\u0105tek przed miastem z Hubertem, Ruthem i Edith M\u00fcller<\/dd>\n<dt>1985<\/dt>\n<dd>Si\u00f3dme pokolenie, Stefan M\u00fcller, Dipl.-Ing., Thomas M\u00fcller, Dipl.-Kfm., Do\u0142\u0105cza do kierownictwa<\/dd>\n<\/dl>\n<\/div><\/section>\n<\/div><\/div><div class=\"flex_cell no_margin av_one_half  avia-builder-el-8  el_after_av_cell_one_half  avia-builder-el-last   avia-full-stretch \" style='height:400px; min-height:400px;background:url(https:\/\/www.mueller-kerzen.de\/wp-content\/uploads\/2020\/03\/Foto-M\u00fcller-19.01-755x1030.jpg) top center no-repeat scroll; vertical-align:top; padding:50px; '><div class='flex_cell_inner' ><\/div><\/div>\n<\/div>\n<div id='av-layout-grid-3'  class='av-layout-grid-container entry-content-wrapper main_color av-flex-cells av-break-at-tablet    avia-builder-el-9  el_after_av_layout_row  el_before_av_layout_row  home-boxed submenu-not-first container_wrap sidebar_right' style=' '  >\n<div class=\"flex_cell no_margin av_one_half  avia-builder-el-10  el_before_av_cell_one_half  avia-builder-el-first   avia-full-stretch \" style='height:400px; min-height:400px;background:url(https:\/\/www.mueller-kerzen.de\/wp-content\/uploads\/2020\/03\/Erstes_Auto_Familie-421x400.jpg) center left no-repeat scroll; vertical-align:middle; padding:50px; '><div class='flex_cell_inner' ><\/div><\/div><div class=\"flex_cell no_margin av_one_half  avia-builder-el-11  el_after_av_cell_one_half  avia-builder-el-last   \" style='height:400px; min-height:400px;vertical-align:middle; padding:75px; '><div class='flex_cell_inner' ><section class=\"av_textblock_section \"  itemscope=\"itemscope\" itemtype=\"https:\/\/schema.org\/CreativeWork\" ><div class='avia_textblock  '   itemprop=\"text\" ><dl class=\"history gold\">\n<dt>1988<\/dt>\n<dd><span class=\"VIiyi\" lang=\"pl\"><span class=\"JLqJ4b ChMk0b\" data-language-for-alternatives=\"pl\" data-language-to-translate-into=\"de\" data-phrase-index=\"0\">Drugi zak\u0142ad produkcyjny zatrudniaj\u0105cy oko\u0142o 1.000 pracownik\u00f3w powsta\u0142 w Graudenz nad Wis\u0142\u0105<\/span><\/span><\/dd>\n<dt>1998<\/dt>\n<dd>Martin Winnen, Dipl.-Ing., Do\u0142\u0105cza do kierownictwa (\u2020 2017)<\/dd>\n<dt>2000<\/dt>\n<dd>Nasz trzeci zak\u0142ad produkcyjny zatrudnia 120 pracownik\u00f3w zostaje otwarty w Taicang, w prowincji Jiangsu we wschodniej cz\u0119\u015bci Chi\u0144skiej Republiki Ludowej.<\/dd>\n<dt>2003<\/dt>\n<dd>Zmiana nazwy na sp\u00f3\u0142k\u0119 akcyjn\u0105 z udzia\u0142em cz\u0142onk\u00f3w zarz\u0105du Thomas M\u00fcller, Stefan M\u00fcller i Martin Winnen<\/dd>\n<\/dl>\n<\/div><\/section>\n<\/div><\/div>\n<\/div>\n<div id='av-layout-grid-4'  class='av-layout-grid-container entry-content-wrapper main_color av-flex-cells av-break-at-tablet    avia-builder-el-13  el_after_av_layout_row  avia-builder-el-last  home-boxed submenu-not-first container_wrap sidebar_right' style=' '  >\n<div class=\"flex_cell no_margin av_one_half  avia-builder-el-14  el_before_av_cell_one_half  avia-builder-el-first   \" style='height:400px; min-height:400px;background: #8e7c68; vertical-align:middle; padding:75px; background-color:#8e7c68; '><div class='flex_cell_inner' ><section class=\"av_textblock_section \"  itemscope=\"itemscope\" itemtype=\"https:\/\/schema.org\/CreativeWork\" ><div class='avia_textblock  av_inherit_color '  style='color:#ffffff; '  itemprop=\"text\" ><dl class=\"history\">\n<dt>2010<\/dt>\n<dd>Jeste\u015bmy cz\u0142onkiem RSPO (Roundtable on Sustainable Palm Oil, s<span class=\"VIiyi\" lang=\"pl\"><span class=\"JLqJ4b ChMk0b\" data-language-for-alternatives=\"pl\" data-language-to-translate-into=\"en\" data-phrase-index=\"0\">prawd\u017a nasze post\u0119py na <a href=\"https:\/\/rspo.org\/members\/582\" target=\"_blank\" rel=\"noopener\">www.rspo.org<\/a><\/span><\/span> ) od 2010 roku.<\/dd>\n<dt>2014<\/dt>\n<dd>Od drugiej po\u0142owy 2014 roku b\u0119dziemy produkowa\u0107 zgodnie z surowymi kryteriami \u201eSegregated\u201d, dla \u017ce jeste\u015bmy certyfikowanym pierwszym producentem \u015bwiec na \u015bwiecie od 2013 roku.<\/dd>\n<dt>2016<\/dt>\n<dd>Cz\u0142onek za\u0142o\u017cyciel <a href=\"https:\/\/www.forumpalmoel.org\/en\/Members.html\" target=\"_blank\" rel=\"noopener noreferrer\"> FONAP <\/a>, forum zr\u00f3wnowa\u017conego oleju palmowego, wsp\u00f3lnie wykonalnych rozwi\u0105za\u0144 opracowany w celu poprawy praktyk w sektorze oleju palmowego.<\/dd>\n<dt>2017<\/dt>\n<dd><span class=\"HwtZe\" lang=\"pl\"><span class=\"jCAhz ChMk0b\"><span class=\"ryNqvb\">Do firmy do\u0142\u0105cza \u00f3sme pokolenie.<\/span><\/span><\/span><\/dd>\n<dt>2019<\/dt>\n<dd><span class=\"HwtZe\" lang=\"pl\">\u015awi\u0119tujemy 275. urodziny! Dzi\u0119ki naszemu do\u015bwiadczeniu i innowacyjno\u015bci jeste\u015bmy silnym i niezawodnym partnerem biznesowym.<\/span><\/dd>\n<dt>2021<\/dt>\n<dd><span class=\"HwtZe\" lang=\"pl\"><span class=\"jCAhz ChMk0b\"><span class=\"ryNqvb\">Do zarz\u0105du do\u0142\u0105czaj\u0105 Ann-Kristin M\u00fcller i Isabel M\u00fcller.<\/span><\/span><\/span><\/dd>\n<\/dl>\n<\/div><\/section>\n<\/div><\/div><div class=\"flex_cell no_margin av_one_half  avia-builder-el-16  el_after_av_cell_one_half  avia-builder-el-last   avia-full-stretch \" style='height:400px; min-height:400px;background:url(https:\/\/www.mueller-kerzen.de\/wp-content\/uploads\/2020\/03\/Betriebsausflug-1935-495x400.jpg) center center no-repeat scroll; vertical-align:top; padding:50px; '><div class='flex_cell_inner' ><\/div><\/div><\/div>\n","protected":false},"excerpt":{"rendered":"","protected":false},"author":1,"featured_media":0,"parent":0,"menu_order":0,"comment_status":"closed","ping_status":"closed","template":"","meta":{"footnotes":""},"class_list":["post-278","page","type-page","status-publish","hentry"],"_links":{"self":[{"href":"https:\/\/www.mueller-kerzen.de\/pl\/wp-json\/wp\/v2\/pages\/278","targetHints":{"allow":["GET"]}}],"collection":[{"href":"https:\/\/www.mueller-kerzen.de\/pl\/wp-json\/wp\/v2\/pages"}],"about":[{"href":"https:\/\/www.mueller-kerzen.de\/pl\/wp-json\/wp\/v2\/types\/page"}],"author":[{"embeddable":true,"href":"https:\/\/www.mueller-kerzen.de\/pl\/wp-json\/wp\/v2\/users\/1"}],"replies":[{"embeddable":true,"href":"https:\/\/www.mueller-kerzen.de\/pl\/wp-json\/wp\/v2\/comments?post=278"}],"version-history":[{"count":3,"href":"https:\/\/www.mueller-kerzen.de\/pl\/wp-json\/wp\/v2\/pages\/278\/revisions"}],"predecessor-version":[{"id":826,"href":"https:\/\/www.mueller-kerzen.de\/pl\/wp-json\/wp\/v2\/pages\/278\/revisions\/826"}],"wp:attachment":[{"href":"https:\/\/www.mueller-kerzen.de\/pl\/wp-json\/wp\/v2\/media?parent=278"}],"curies":[{"name":"wp","href":"https:\/\/api.w.org\/{rel}","templated":true}]}}