{"id":280,"date":"2020-04-09T08:19:52","date_gmt":"2020-04-09T06:19:52","guid":{"rendered":"https:\/\/localhost\/projects\/mueller-kerzen.de\/en\/?page_id=280"},"modified":"2021-03-24T11:39:35","modified_gmt":"2021-03-24T10:39:35","slug":"kontakt","status":"publish","type":"page","link":"https:\/\/www.mueller-kerzen.de\/pl\/kontakt\/","title":{"rendered":"Kontakt"},"content":{"rendered":"<div  class='av_gmaps_sc_main_wrap av_gmaps_main_wrap '><div id='av_gmap_0' class='avia-google-map-container avia-google-map-sc av_gmaps_show_delayed av-no-fallback-img ' data-mapid='av_gmap_0'  style='height: 400px;'><a class=\"av_gmaps_browser_disabled av_text_confirm_link av_text_confirm_link_visible\" href=\"https:\/\/www.google.com\/maps\/search\/?api=1&#038;query=Bia\u0142y%20B\u00f3r%20211%2086-302%20Grudzi\u0105dz%20%20Poland\" target=\"_blank\" rel=\"noopener\">Maps were disabled by the visitor on this site. Click to open the map in a new window.<\/a><a href=\"#\" class=\"av_gmaps_confirm_link av_text_confirm_link av_text_confirm_link_visible\"><span>Click to load Google Maps<\/span><\/a><\/div><\/div>\n<div class=\"flex_column av_one_third  flex_column_div av-zero-column-padding first  avia-builder-el-1  el_after_av_google_map  el_before_av_one_third  avia-builder-el-first  \" style='border-radius:0px; '><section class=\"av_textblock_section \"  itemscope=\"itemscope\" itemtype=\"https:\/\/schema.org\/CreativeWork\" ><div class='avia_textblock  '   itemprop=\"text\" ><h2>Adres fabryki i korespondencji<\/h2>\n<p>Mueller Fabryka \u015awiec S.A.<br \/>\nBia\u0142y B\u00f3r 211, 86-302 Grudzi\u0105dz<br \/>\nPolska<\/p>\n<\/div><\/section><br \/>\n<section class=\"av_textblock_section \"  itemscope=\"itemscope\" itemtype=\"https:\/\/schema.org\/CreativeWork\" ><div class='avia_textblock  '   itemprop=\"text\" ><h2>Siedziba<\/h2>\n<p>Mueller Fabryka \u015awiec S.A.<br \/>\nBia\u0142y B\u00f3r 211, 86-302 Grudzi\u0105dz<br \/>\nPolska<\/p>\n<\/div><\/section><\/p><\/div><div class=\"flex_column av_one_third  flex_column_div av-zero-column-padding   avia-builder-el-4  el_after_av_one_third  el_before_av_one_third  \" style='border-radius:0px; '><section class=\"av_textblock_section \"  itemscope=\"itemscope\" itemtype=\"https:\/\/schema.org\/CreativeWork\" ><div class='avia_textblock  '   itemprop=\"text\" ><h4>Office<\/h4>\n<p>+ 48 56 45 14 500<br \/>\n<a href=\"mailto:biuro@mueller-swiece.pl\">biuro@mueller-swiece.pl<\/a><\/p>\n<h4>Sales department<\/h4>\n<p>+ 48 56 45 14 535<br \/>\n<a href=\"mailto:handlowy@mueller-swiece.pl\">handlowy@mueller-swiece.pl<\/a><\/p>\n<h4>Human resources and payroll department<\/h4>\n<p>+ 48 56 45 14 525<br \/>\n+ 48 56 45 14 536<br \/>\n<a href=\"mailto:praca@mueller-swiece.pl\">praca@mueller-swiece.pl<\/a><\/p>\n<h4>Accounting department<\/h4>\n<p>Phone: + 48 56 45 14 522<br \/>\n<a href=\"mailto:ksiegowosc@mueller-swiece.pl\">ksiegowosc@mueller-swiece.pl<\/a><\/p>\n<\/div><\/section><\/div><\/p>\n<div class=\"flex_column av_one_third  flex_column_div av-zero-column-padding   avia-builder-el-6  el_after_av_one_third  el_before_av_hr  \" style='border-radius:0px; '><section class=\"av_textblock_section \"  itemscope=\"itemscope\" itemtype=\"https:\/\/schema.org\/CreativeWork\" ><div class='avia_textblock  '   itemprop=\"text\" ><h2>Oferty pracy<\/h2>\n<p>Nasze aktualne oferty pracy znajdziesz tutaj <a href=\"https:\/\/www.mueller-kerzen.de\/pl\/kariera\/\">tutaj<\/a>.<\/p>\n<\/div><\/section><br \/>\n<section class=\"av_textblock_section \"  itemscope=\"itemscope\" itemtype=\"https:\/\/schema.org\/CreativeWork\" ><div class='avia_textblock  '   itemprop=\"text\" ><h2>Dostawcy<\/h2>\n<\/div><\/section><\/p><\/div>\n<div   class='hr hr-default   avia-builder-el-9  el_after_av_one_third  el_before_av_one_fifth '><span class='hr-inner ' ><span class='hr-inner-style'><\/span><\/span><\/div>\n<div class=\"flex_column av_one_fifth  flex_column_div av-zero-column-padding first  avia-builder-el-10  el_after_av_hr  el_before_av_three_fifth  \" style='border-radius:0px; '><\/div>\n<div class=\"flex_column av_three_fifth  flex_column_div av-zero-column-padding   avia-builder-el-11  el_after_av_one_fifth  el_before_av_one_fifth  \" style='border-radius:0px; '><div   class='av_promobox  avia-button-yes   avia-builder-el-12  avia-builder-el-no-sibling '>\t\t<div class='avia-promocontent'><\/p>\n<h2>Twoja droga do nas, szybka i \u0142atwa<\/h2>\n<p><span class=\"tlid-translation translation\" lang=\"en\"><span class=\"\" title=\"\">Przycisk po prawej stronie prowadzi bezpo\u015brednio do Map Google. Tam wystarczy poda\u0107 adres pocz\u0105tkowy i najlepsz\u0105 tras\u0119 do Gebr. Mo\u017cna obliczy\u0107 fabryk\u0119 \u015bwiec M\u00fcller w Grudzi\u0105dz.<\/span><\/span><\/p>\n<\/div><div  class='avia-button-wrap avia-button-right ' ><a href='https:\/\/goo.gl\/maps\/z8kZqtcBm1dFW5Gr7' class='avia-button   avia-icon_select-yes-left-icon avia-color-theme-color avia-size-large avia-position-right ' target=\"_blank\" rel=\"noopener\"><span class='avia_button_icon avia_button_icon_left ' aria-hidden='true' data-av_icon='\ue843' data-av_iconfont='entypo-fontello'><\/span><span class='avia_iconbox_title' >Planowanie trasy<\/span><\/a><\/div><\/div><\/div>\n<div class=\"flex_column av_one_fifth  flex_column_div av-zero-column-padding   avia-builder-el-13  el_after_av_three_fifth  el_before_av_hr  \" style='border-radius:0px; '><\/div>\n<div   class='hr hr-default   avia-builder-el-14  el_after_av_one_fifth  avia-builder-el-last '><span class='hr-inner ' ><span class='hr-inner-style'><\/span><\/span><\/div>\n","protected":false},"excerpt":{"rendered":"","protected":false},"author":1,"featured_media":0,"parent":0,"menu_order":0,"comment_status":"closed","ping_status":"closed","template":"","meta":{"footnotes":""},"class_list":["post-280","page","type-page","status-publish","hentry"],"_links":{"self":[{"href":"https:\/\/www.mueller-kerzen.de\/pl\/wp-json\/wp\/v2\/pages\/280","targetHints":{"allow":["GET"]}}],"collection":[{"href":"https:\/\/www.mueller-kerzen.de\/pl\/wp-json\/wp\/v2\/pages"}],"about":[{"href":"https:\/\/www.mueller-kerzen.de\/pl\/wp-json\/wp\/v2\/types\/page"}],"author":[{"embeddable":true,"href":"https:\/\/www.mueller-kerzen.de\/pl\/wp-json\/wp\/v2\/users\/1"}],"replies":[{"embeddable":true,"href":"https:\/\/www.mueller-kerzen.de\/pl\/wp-json\/wp\/v2\/comments?post=280"}],"version-history":[{"count":0,"href":"https:\/\/www.mueller-kerzen.de\/pl\/wp-json\/wp\/v2\/pages\/280\/revisions"}],"wp:attachment":[{"href":"https:\/\/www.mueller-kerzen.de\/pl\/wp-json\/wp\/v2\/media?parent=280"}],"curies":[{"name":"wp","href":"https:\/\/api.w.org\/{rel}","templated":true}]}}