{"id":932,"date":"2024-08-20T08:15:11","date_gmt":"2024-08-20T06:15:11","guid":{"rendered":"https:\/\/www.mueller-kerzen.de\/?page_id=932"},"modified":"2025-11-25T10:21:15","modified_gmt":"2025-11-25T09:21:15","slug":"zrownowazony-rozwoj","status":"publish","type":"page","link":"https:\/\/www.mueller-kerzen.de\/pl\/zrownowazony-rozwoj\/","title":{"rendered":"Zr\u00f3wnowa\u017cony rozw\u00f3j"},"content":{"rendered":"<div id='av_section_1'  class='avia-section main_color avia-section-huge avia-no-border-styling  avia-full-stretch avia-bg-style-scroll  avia-builder-el-0  el_before_av_one_full  avia-builder-el-first   av-minimum-height av-minimum-height-30  container_wrap sidebar_right' style='background-repeat: no-repeat; background-image: url(https:\/\/www.mueller-kerzen.de\/wp-content\/uploads\/2023\/11\/hero-klima-2500x450-1.webp);background-attachment: scroll; background-position: top left;  '  data-section-bg-repeat='stretch' data-av_minimum_height_pc='30'><div class='container' ><main  role=\"main\" itemprop=\"mainContentOfPage\"  class='template-page content  av-content-small alpha units'><div class='post-entry post-entry-type-page post-entry-932'><div class='entry-content-wrapper clearfix'><\/div><\/div><\/main><!-- close content main element --><\/div><\/div><div id='after_section_1'  class='main_color av_default_container_wrap container_wrap sidebar_right' style=' '  ><div class='container' ><div class='template-page content  av-content-small alpha units'><div class='post-entry post-entry-type-page post-entry-932'><div class='entry-content-wrapper clearfix'>\n<div class=\"flex_column av_one_full  flex_column_div av-zero-column-padding first  avia-builder-el-1  el_after_av_section  el_before_av_one_full  avia-builder-el-first  \" style='border-radius:0px; '><section class=\"av_textblock_section \"  itemscope=\"itemscope\" itemtype=\"https:\/\/schema.org\/CreativeWork\" ><div class='avia_textblock  '   itemprop=\"text\" ><h1>Wszyscy ponosimy odpowiedzialno\u015b\u0107<\/h1>\n<p>Jako tradycyjny producent i firma rodzinna prowadzona w \u00f3smym pokoleniu, jeste\u015bmy \u015bwiadomi naszej odpowiedzialno\u015bci ekonomicznej i ekologicznej wobec przysz\u0142ych pokole\u0144. Zatrudniaj\u0105c ponad 1000 pracownik\u00f3w, jeste\u015bmy jednym z najwi\u0119kszych producent\u00f3w w swojej bran\u017cy, a nasz produkt jest jednym z najstarszych na \u015bwiecie.<\/p>\n<p>Dla nas nasza odpowiedzialno\u015b\u0107 spo\u0142eczna jest nierozerwalnie zwi\u0105zana z odpowiedzialno\u015bci\u0105 za \u015brodowisko. Stosuj\u0105c w wi\u0119kszo\u015bci opakowa\u0144 starannie wyselekcjonowane surowce, materia\u0142y pochodz\u0105ce z recyklingu oraz energooszcz\u0119dn\u0105, nowoczesn\u0105 metod\u0119 produkcji, osi\u0105gamy przysz\u0142o\u015bciow\u0105 r\u00f3wnowag\u0119 pomi\u0119dzy efektywno\u015bci\u0105 ekonomiczn\u0105 i ochron\u0105 \u015brodowiska.<\/p>\n<\/div><\/section><br \/>\n<div  style='height:30px' class='hr hr-invisible   avia-builder-el-3  el_after_av_textblock  el_before_av_textblock '><span class='hr-inner ' ><span class='hr-inner-style'><\/span><\/span><\/div><br \/>\n<section class=\"av_textblock_section \"  itemscope=\"itemscope\" itemtype=\"https:\/\/schema.org\/CreativeWork\" ><div class='avia_textblock  '   itemprop=\"text\" ><h2>Co robimy<\/h2>\n<p>Zmiana naszej produkcji i optymalizacja proces\u00f3w wymaga przewidywania i odwagi. Mamy odpowiedzialno\u015b\u0107 wobec naszych pracownik\u00f3w i dostawc\u00f3w. Wsp\u00f3lnie stawiamy czo\u0142a wyzwaniom odpowiedzialnego dzia\u0142ania.<\/p>\n<\/div><\/section><\/p><\/div>\n<div class=\"flex_column av_one_full  flex_column_div av-zero-column-padding first  avia-builder-el-5  el_after_av_one_full  el_before_av_section  avia-builder-el-last  column-top-margin\" style='border-radius:0px; '><div  class='avia-image-container  av-styling-    avia-builder-el-6  avia-builder-el-no-sibling  avia-align-center '  itemprop=\"image\" itemscope=\"itemscope\" itemtype=\"https:\/\/schema.org\/ImageObject\"  ><div class='avia-image-container-inner'><div class='avia-image-overlay-wrap'><img class='avia_image' src='https:\/\/www.mueller-kerzen.de\/wp-content\/uploads\/2023\/11\/logos-pro-nature-2023-08-en.svg' alt='' title='logos-pro-nature-2023-08-en' height=\"150\" width=\"1000\"  itemprop=\"thumbnailUrl\"  \/><\/div><\/div><\/div><\/div>\n<\/div><\/div><\/div><!-- close content main div --><\/div><\/div><div id='av_section_2'  class='avia-section footer_color avia-section-default avia-no-border-styling  avia-bg-style-scroll  avia-builder-el-7  el_after_av_one_full  el_before_av_one_half   container_wrap sidebar_right' style='background-color: #4c7f0a;background-image: linear-gradient(to bottom right,#4c7f0a,#809e29); '  ><div class='container' ><div class='template-page content  av-content-small alpha units'><div class='post-entry post-entry-type-page post-entry-932'><div class='entry-content-wrapper clearfix'>\n<div class=\"flex_column av_one_half  flex_column_div av-zero-column-padding first  avia-builder-el-8  el_before_av_one_half  avia-builder-el-first  \" style='border-radius:0px; '><section class=\"av_textblock_section \"  itemscope=\"itemscope\" itemtype=\"https:\/\/schema.org\/CreativeWork\" ><div class='avia_textblock  '   itemprop=\"text\" ><h2>Strategia redukcji emisji gaz\u00f3w cieplarnianych dla naszego g\u0142\u00f3wnego zak\u0142adu produkcyjnego w Polsce (Mueller Fabryka \u015awiec S.A.)<\/h2>\n<\/div><\/section><\/div><div class=\"flex_column av_one_half  flex_column_div av-zero-column-padding   avia-builder-el-10  el_after_av_one_half  el_before_av_hr  \" style='border-radius:0px; '><section class=\"av_textblock_section \"  itemscope=\"itemscope\" itemtype=\"https:\/\/schema.org\/CreativeWork\" ><div class='avia_textblock  '   itemprop=\"text\" ><p>Nasza strategia zr\u00f3wnowa\u017conego rozwoju zdefiniowana w 2016 roku obejmowa\u0142a plan na kolejne 10 lat. Naszym celem na rok 2016 by\u0142a redukcja emisji gaz\u00f3w cieplarnianych o 50% do roku 2026 w zakresie emisji 1 i 2. W kolejnych latach planujemy tak\u017ce wdro\u017cenie raportowania emisji gaz\u00f3w cieplarnianych w zakresie 3.<\/p>\n<\/div><\/section><\/div><div  style='height:50px' class='hr hr-invisible   avia-builder-el-12  el_after_av_one_half  el_before_av_textblock '><span class='hr-inner ' ><span class='hr-inner-style'><\/span><\/span><\/div>\n<section class=\"av_textblock_section \"  itemscope=\"itemscope\" itemtype=\"https:\/\/schema.org\/CreativeWork\" ><div class='avia_textblock  '   itemprop=\"text\" ><h2 style=\"text-align: center;\">Taki jest stan obecny na rok 2022<\/h2>\n<\/div><\/section>\n<div class=\"flex_column av_one_half  av-animated-generic bottom-to-top  flex_column_div av-zero-column-padding first  avia-builder-el-14  el_after_av_textblock  el_before_av_one_half  column-top-margin\" style='border-radius:0px; '><div  class=\"avia-animated-number av-force-default-color  avia-color-  avia-builder-el-15  avia-builder-el-no-sibling  avia_animate_when_visible\"  data-timer=\"100000\"><strong class=\"heading avia-animated-number-title\" style='font-size:60px;'><span class=\"avia-no-number\">- <\/span><span class=\"avia-single-number __av-single-number\" data-number_format=\"\" data-number=\"38\" data-start_from=\"0\">38<\/span><span class=\"avia-no-number\"> %<\/span><\/strong><div class='avia-animated-number-content' ><p>Redukcja emisji gaz\u00f3w cieplarnianych z zakresu 1 i 2 do 2024 roku<\/p>\n<\/div><\/div><\/div><div class=\"flex_column av_one_half  av-animated-generic bottom-to-top  flex_column_div av-zero-column-padding   avia-builder-el-16  el_after_av_one_half  avia-builder-el-last  column-top-margin\" style='border-radius:0px; '><div  class=\"avia-animated-number av-force-default-color  avia-color-  avia-builder-el-17  avia-builder-el-no-sibling  avia_animate_when_visible\"  data-timer=\"100000\"><strong class=\"heading avia-animated-number-title\" style='font-size:60px;'><span class=\"avia-no-number\">- <\/span><span class=\"avia-single-number __av-single-number\" data-number_format=\"\" data-number=\"60\" data-start_from=\"0\">60<\/span><span class=\"avia-no-number\"> %<\/span><\/strong><div class='avia-animated-number-content' ><p>Zamierzona redukcja emisji gaz\u00f3w cieplarnianych z zakresu 1 i 2 do 2026 r. w por\u00f3wnaniu do roku 2016 og\u00f3\u0142em<\/p>\n<\/div><\/div><\/div><\/div><\/div><\/div><!-- close content main div --><\/div><\/div><div id='after_section_2'  class='main_color av_default_container_wrap container_wrap sidebar_right' style=' '  ><div class='container' ><div class='template-page content  av-content-small alpha units'><div class='post-entry post-entry-type-page post-entry-932'><div class='entry-content-wrapper clearfix'><div class=\"flex_column av_one_half  flex_column_div av-zero-column-padding first  avia-builder-el-18  el_after_av_section  el_before_av_one_half  avia-builder-el-first  \" style='border-radius:0px; '><section class=\"av_textblock_section \"  itemscope=\"itemscope\" itemtype=\"https:\/\/schema.org\/CreativeWork\" ><div class='avia_textblock  '   itemprop=\"text\" ><h2><img loading=\"lazy\" decoding=\"async\" class=\"alignleft wp-image-723\" src=\"https:\/\/www.mueller-kerzen.de\/wp-content\/uploads\/2023\/11\/RAL-Logos-grey-300x256-1.webp\" alt=\"\" width=\"180\" height=\"154\" \/>Innowacyjne sposoby<\/h2>\n<p>Od wielu lat pracujemy nad opracowaniem alternatywnych zwi\u0105zk\u00f3w w\u0119gla dla naszych produkt\u00f3w i odpowiedzialnym wykorzystaniem surowc\u00f3w. Najcz\u0119\u015bciej stosowanym paliwem do \u015bwiec jest parafina. Coraz cz\u0119\u015bciej stosuje si\u0119 tak\u017ce t\u0142uszcze ro\u015blinne, takie jak olej rzepakowy i palmowy.<\/p>\n<p>Te i inne naturalne sk\u0142adniki wykorzystujemy do opracowywania produkt\u00f3w w jako\u015bci RAL, a ponadto wed\u0142ug naszych w\u0142asnych wysokich standard\u00f3w.<\/p>\n<h3>RAL GZ 041 zapewnienie jako\u015bci \u015bwiec: <a href=\"https:\/\/www.ral-guetezeichen.de\/gz-einzelansicht\/?gz=gz_041\" target=\"_blank\" rel=\"noopener\">ral-guetezeichen.de<\/a><\/h3>\n<\/div><\/section><\/div><\/p>\n<div class=\"flex_column av_one_half  flex_column_div av-zero-column-padding   avia-builder-el-20  el_after_av_one_half  el_before_av_one_half  \" style='border-radius:0px; '><section class=\"av_textblock_section \"  itemscope=\"itemscope\" itemtype=\"https:\/\/schema.org\/CreativeWork\" ><div class='avia_textblock  '   itemprop=\"text\" ><h2>Certyfikacja olej palmowy<\/h2>\n<p>Jako cz\u0142onek <a href=\"https:\/\/rspo.org\/members\/582\" target=\"_blank\" rel=\"noopener noreferrer\">RSPO<\/a> (Roundtable on Sustainable Palm Oil, sprawd\u017a nasze post\u0119py na <a href=\"https:\/\/rspo.org\/members\/582\" target=\"_blank\" rel=\"noopener\">www.rspo.org<\/a>) od 2010 roku aktywnie uczestniczymy tak\u017ce w opracowywaniu standard\u00f3w produkcji oleju palmowego. Te rygorystyczne zasady maj\u0105 zapewni\u0107, \u017ce m.in. na przyk\u0142ad obszary uprawne nie s\u0105 ju\u017c dziko wycinane, a podczas uprawy przestrzegane s\u0105 minimalne standardy spo\u0142eczne.<\/p>\n<p>W bran\u017cy \u015bwiec nasze zak\u0142ady produkcyjne jako pierwsze na \u015bwiecie uzyska\u0142y certyfikat RSPO \u201eStandard \u0142a\u0144cucha dostaw\u201d ju\u017c w 2012 roku. Obecnie przetwarzamy wy\u0142\u0105cznie pochodne palmy, kt\u00f3re s\u0105 certyfikowane zgodnie z tymi rygorystycznymi kryteriami.<\/p>\n<\/div><\/section><\/div>\n<div class=\"flex_column av_one_half  flex_column_div av-zero-column-padding first  avia-builder-el-22  el_after_av_one_half  el_before_av_one_half  column-top-margin\" style='border-radius:0px; '><section class=\"av_textblock_section \"  itemscope=\"itemscope\" itemtype=\"https:\/\/schema.org\/CreativeWork\" ><div class='avia_textblock  '   itemprop=\"text\" ><h2>SWAN<\/h2>\n<p>Niekt\u00f3re rodzaje \u015bwiec mog\u0105 by\u0107 certyfikowane w standardzie Nordic SWAN Ecolabel: <a href=\"https:\/\/www.nordic-swan-ecolabel.org\/\">nordic-swan-ecolabel.org<\/a><\/p>\n<\/div><\/section><\/div>\n<div class=\"flex_column av_one_half  flex_column_div av-zero-column-padding   avia-builder-el-24  el_after_av_one_half  el_before_av_section  avia-builder-el-last  column-top-margin\" style='border-radius:0px; '><section class=\"av_textblock_section \"  itemscope=\"itemscope\" itemtype=\"https:\/\/schema.org\/CreativeWork\" ><div class='avia_textblock  '   itemprop=\"text\" ><h2>RafCycle<\/h2>\n<p>Wsp\u00f3\u0142pracujemy z RafCycle. RafCycle poddaje recyklingowi odpady materia\u0142\u00f3w etykietowych zgodnie z <a href=\"https:\/\/www.upmraflatac.com\/\" target=\"_blank\" rel=\"noopener\">us\u0142ugami recyklingu firmy UPM Raflatac<\/a>.<\/p>\n<\/div><\/section><\/div>\n<\/div><\/div><\/div><!-- close content main div --><\/div><\/div><div id='av_section_3'  class='avia-section alternate_color avia-section-default avia-no-border-styling  avia-bg-style-scroll  avia-builder-el-26  el_after_av_one_half  el_before_av_one_fifth   container_wrap sidebar_right' style=' '  ><div class='container' ><div class='template-page content  av-content-small alpha units'><div class='post-entry post-entry-type-page post-entry-932'><div class='entry-content-wrapper clearfix'>\n<div class=\"flex_column av_one_half  flex_column_div av-zero-column-padding first  avia-builder-el-27  el_before_av_one_half  avia-builder-el-first  \" style='border-radius:0px; '><div  class='avia-image-container  av-styling-    avia-builder-el-28  avia-builder-el-no-sibling  avia-align-center '  itemprop=\"image\" itemscope=\"itemscope\" itemtype=\"https:\/\/schema.org\/ImageObject\"  ><div class='avia-image-container-inner'><div class='avia-image-overlay-wrap'><img class='avia_image' src='https:\/\/www.mueller-kerzen.de\/wp-content\/uploads\/2023\/11\/2021_socialmedia-500x500-1.png' alt='' title='2021_socialmedia-500x500' height=\"500\" width=\"500\"  itemprop=\"thumbnailUrl\"  \/><\/div><\/div><\/div><\/div><div class=\"flex_column av_one_half  flex_column_div av-zero-column-padding   avia-builder-el-29  el_after_av_one_half  avia-builder-el-last  \" style='border-radius:0px; '><section class=\"av_textblock_section \"  itemscope=\"itemscope\" itemtype=\"https:\/\/schema.org\/CreativeWork\" ><div class='avia_textblock  '   itemprop=\"text\" ><h2>Razem pomy\u015blnie<\/h2>\n<p>W 2021 roku we wsp\u00f3\u0142pracy z naszym partnerem uda\u0142o nam si\u0119 zaoszcz\u0119dzi\u0107 136 ton emisji gaz\u00f3w cieplarnianych i 1267 ton zasob\u00f3w*. Wi\u0119cej informacji pod adresem <a href=\"https:\/\/www.interseroh.de\/unternehmen\/nachhaltigkeit\/\" target=\"_blank\" rel=\"noopener\">www.interseroh.de<\/a><\/p>\n<\/div><\/section><br \/>\n<section class=\"av_textblock_section \"  itemscope=\"itemscope\" itemtype=\"https:\/\/schema.org\/CreativeWork\" ><div class='avia_textblock  '  style='font-size:12px; '  itemprop=\"text\" ><p>(\u0179r\u00f3d\u0142o: Metodologia obliczeniowa Fraunhofer UMSICHT na podstawie danych za 2020 rok). Nie s\u0105 jeszcze dost\u0119pne \u017cadne oceny danych za lata 2022\/2023.<\/p>\n<\/div><\/section><\/p><\/div>\n<\/div><\/div><\/div><!-- close content main div --><\/div><\/div><div id='after_section_3'  class='main_color av_default_container_wrap container_wrap sidebar_right' style=' '  ><div class='container' ><div class='template-page content  av-content-small alpha units'><div class='post-entry post-entry-type-page post-entry-932'><div class='entry-content-wrapper clearfix'>\n<div class=\"flex_column av_one_fifth  flex_column_div av-zero-column-padding first  avia-builder-el-32  el_after_av_section  el_before_av_three_fifth  avia-builder-el-first  \" style='border-radius:0px; '><\/div>\n<div class=\"flex_column av_three_fifth  flex_column_div av-zero-column-padding   avia-builder-el-33  el_after_av_one_fifth  el_before_av_one_fifth  \" style='border-radius:0px; '><p><div  class='avia-image-container  av-styling-    avia-builder-el-34  el_before_av_textblock  avia-builder-el-first  avia-align-center '  itemprop=\"image\" itemscope=\"itemscope\" itemtype=\"https:\/\/schema.org\/ImageObject\"  ><div class='avia-image-container-inner'><div class='avia-image-overlay-wrap'><img class='avia_image' src='https:\/\/www.mueller-kerzen.de\/wp-content\/uploads\/2023\/11\/pro-nature-group-02-500x500-1.webp' alt='' title='pro-nature-group-02-500x500' height=\"500\" width=\"500\"  itemprop=\"thumbnailUrl\"  \/><\/div><\/div><\/div><br \/>\n<section class=\"av_textblock_section \"  itemscope=\"itemscope\" itemtype=\"https:\/\/schema.org\/CreativeWork\" ><div class='avia_textblock  '   itemprop=\"text\" ><p>W naszej serii PRO NATURE stawiamy na naturalno\u015b\u0107. Materia\u0142y pochodz\u0105ce z recyklingu, takie jak opakowania z certyfikatem FSC i naturalne woski, sprawiaj\u0105, \u017ce produkty te s\u0105 szczeg\u00f3lnie przyjazne dla \u015brodowiska i oszcz\u0119dzaj\u0105 zasoby.<\/p>\n<\/div><\/section><\/p><\/div>\n<div class=\"flex_column av_one_fifth  flex_column_div av-zero-column-padding   avia-builder-el-36  el_after_av_three_fifth  avia-builder-el-last  \" style='border-radius:0px; '><\/div>\n","protected":false},"excerpt":{"rendered":"","protected":false},"author":1,"featured_media":0,"parent":0,"menu_order":0,"comment_status":"closed","ping_status":"closed","template":"","meta":{"footnotes":""},"class_list":["post-932","page","type-page","status-publish","hentry"],"_links":{"self":[{"href":"https:\/\/www.mueller-kerzen.de\/pl\/wp-json\/wp\/v2\/pages\/932","targetHints":{"allow":["GET"]}}],"collection":[{"href":"https:\/\/www.mueller-kerzen.de\/pl\/wp-json\/wp\/v2\/pages"}],"about":[{"href":"https:\/\/www.mueller-kerzen.de\/pl\/wp-json\/wp\/v2\/types\/page"}],"author":[{"embeddable":true,"href":"https:\/\/www.mueller-kerzen.de\/pl\/wp-json\/wp\/v2\/users\/1"}],"replies":[{"embeddable":true,"href":"https:\/\/www.mueller-kerzen.de\/pl\/wp-json\/wp\/v2\/comments?post=932"}],"version-history":[{"count":6,"href":"https:\/\/www.mueller-kerzen.de\/pl\/wp-json\/wp\/v2\/pages\/932\/revisions"}],"predecessor-version":[{"id":972,"href":"https:\/\/www.mueller-kerzen.de\/pl\/wp-json\/wp\/v2\/pages\/932\/revisions\/972"}],"wp:attachment":[{"href":"https:\/\/www.mueller-kerzen.de\/pl\/wp-json\/wp\/v2\/media?parent=932"}],"curies":[{"name":"wp","href":"https:\/\/api.w.org\/{rel}","templated":true}]}}